{"id":13501,"date":"2021-10-23T10:21:16","date_gmt":"2021-10-23T10:21:16","guid":{"rendered":"https:\/\/viiipalo.krakow.pl\/?page_id=13501"},"modified":"2021-10-23T10:21:25","modified_gmt":"2021-10-23T10:21:25","slug":"gallery","status":"publish","type":"page","link":"https:\/\/viiipalo.krakow.pl\/en\/gallery\/","title":{"rendered":"Gallery"},"content":{"rendered":"\t\t<div data-elementor-type=\"wp-post\" data-elementor-id=\"13501\" class=\"elementor elementor-13501 elementor-4526\" data-elementor-settings=\"{&quot;ha_cmc_init_switcher&quot;:&quot;no&quot;}\">\n\t\t\t\t\t\t<section class=\"elementor-section elementor-top-section elementor-element elementor-element-c10439f elementor-section-full_width elementor-section-stretched elementor-section-height-default elementor-section-height-default\" data-id=\"c10439f\" data-element_type=\"section\" data-settings=\"{&quot;stretch_section&quot;:&quot;section-stretched&quot;,&quot;_ha_eqh_enable&quot;:false}\">\n\t\t\t\t\t\t<div class=\"elementor-container elementor-column-gap-default\">\n\t\t\t\t\t<div class=\"elementor-column elementor-col-100 elementor-top-column elementor-element elementor-element-08f0cf4\" data-id=\"08f0cf4\" data-element_type=\"column\">\n\t\t\t<div class=\"elementor-widget-wrap elementor-element-populated\">\n\t\t\t\t\t\t<section class=\"elementor-section elementor-inner-section elementor-element elementor-element-7453134 elementor-section-boxed elementor-section-height-default elementor-section-height-default\" data-id=\"7453134\" data-element_type=\"section\" data-settings=\"{&quot;_ha_eqh_enable&quot;:false}\">\n\t\t\t\t\t\t<div class=\"elementor-container elementor-column-gap-default\">\n\t\t\t\t\t<div class=\"elementor-column elementor-col-100 elementor-inner-column elementor-element elementor-element-9cc1007\" data-id=\"9cc1007\" data-element_type=\"column\">\n\t\t\t<div class=\"elementor-widget-wrap elementor-element-populated\">\n\t\t\t\t\t\t<div class=\"elementor-element elementor-element-6377633 elementor-widget elementor-widget-shortcode\" data-id=\"6377633\" data-element_type=\"widget\" data-widget_type=\"shortcode.default\">\n\t\t\t\t<div class=\"elementor-widget-container\">\n\t\t\t\t\t<div class=\"elementor-shortcode\">\r\n\t\t\t\t\t\n\r\n\t\t\t\t\t<!-- START UNITE GALLERY 1.7.44 -->\r\n\t\t\t\t\t\r\n\t\t\t\t<div id=\"unitegallery_1_1_tabs\" class=\"ug-tabs-wrapper\"><a class=\"ug-tab ug-tab-selected\" href=\"javascript:void(0)\" data-catid=\"1\">Szko\u0142a<\/a><a class=\"ug-tab\" href=\"javascript:void(0)\" data-catid=\"4\">Wymiany mi\u0119dzynarodowe<\/a><\/div>\n\n\t\t\t<div id='unitegallery_1_1' class='unite-gallery' style='margin:0px auto;'>\n\t\t\t\t\n\n\t\t\t\t\t\t<img decoding=\"async\" alt=\"IMG_5991\"\n\t\t\t\t\t\t     src=\"\" data-image=\"https:\/\/viiipalo.krakow.pl\/wp-content\/uploads\/2021\/02\/IMG_5991.jpg\"\n\t\t\t\t\t\t     data-thumb=\"https:\/\/viiipalo.krakow.pl\/wp-content\/uploads\/2021\/02\/IMG_5991-573x768.jpg\"\n\t\t\t\t\t\t     title=\"\"\n\t\t\t\t\t\t     style=\"display:none\">\n\n\t\t\t\t\t\t<img decoding=\"async\" alt=\"Uczniowie VIIIPALO\"\n\t\t\t\t\t\t     src=\"\" data-image=\"https:\/\/viiipalo.krakow.pl\/wp-content\/uploads\/2021\/02\/IMG_4632-scaled.jpg\"\n\t\t\t\t\t\t     data-thumb=\"https:\/\/viiipalo.krakow.pl\/wp-content\/uploads\/2021\/02\/IMG_4632-scaled-768x512.jpg\"\n\t\t\t\t\t\t     title=\"\"\n\t\t\t\t\t\t     style=\"display:none\">\n\n\t\t\t\t\t\t<img decoding=\"async\" alt=\"Uczniowie VIIIPALO\"\n\t\t\t\t\t\t     src=\"\" data-image=\"https:\/\/viiipalo.krakow.pl\/wp-content\/uploads\/2021\/02\/IMG_4617-scaled.jpg\"\n\t\t\t\t\t\t     data-thumb=\"https:\/\/viiipalo.krakow.pl\/wp-content\/uploads\/2021\/02\/IMG_4617-scaled-768x512.jpg\"\n\t\t\t\t\t\t     title=\"\"\n\t\t\t\t\t\t     style=\"display:none\">\n\n\t\t\t\t\t\t<img decoding=\"async\" alt=\"Uczniowie VIIIPALO\"\n\t\t\t\t\t\t     src=\"\" data-image=\"https:\/\/viiipalo.krakow.pl\/wp-content\/uploads\/2021\/02\/IMG_4625-scaled.jpg\"\n\t\t\t\t\t\t     data-thumb=\"https:\/\/viiipalo.krakow.pl\/wp-content\/uploads\/2021\/02\/IMG_4625-scaled-768x512.jpg\"\n\t\t\t\t\t\t     title=\"\"\n\t\t\t\t\t\t     style=\"display:none\">\n\n\t\t\t\t\t\t<img decoding=\"async\" alt=\"1271\"\n\t\t\t\t\t\t     src=\"\" data-image=\"https:\/\/viiipalo.krakow.pl\/wp-content\/uploads\/2021\/02\/1271.jpg\"\n\t\t\t\t\t\t     data-thumb=\"https:\/\/viiipalo.krakow.pl\/wp-content\/uploads\/2021\/02\/1271-768x320.jpg\"\n\t\t\t\t\t\t     title=\"\"\n\t\t\t\t\t\t     style=\"display:none\">\n\n\t\t\t\t\t\t<img decoding=\"async\" alt=\"Uroczysto\u015b\u0107 zako\u0144czenia roku szkolnego, zdj. Olga Szpak\"\n\t\t\t\t\t\t     src=\"\" data-image=\"https:\/\/viiipalo.krakow.pl\/wp-content\/uploads\/2021\/11\/P6250118-scaled.jpg\"\n\t\t\t\t\t\t     data-thumb=\"https:\/\/viiipalo.krakow.pl\/wp-content\/uploads\/2021\/11\/P6250118-scaled-768x576.jpg\"\n\t\t\t\t\t\t     title=\"\"\n\t\t\t\t\t\t     style=\"display:none\">\n\n\t\t\t\t\t\t<img decoding=\"async\" alt=\"Uroczysto\u015b\u0107 zako\u0144czenia roku szkolnego, zdj. Olga Szpak\"\n\t\t\t\t\t\t     src=\"\" data-image=\"https:\/\/viiipalo.krakow.pl\/wp-content\/uploads\/2021\/11\/P6250135-2-scaled.jpg\"\n\t\t\t\t\t\t     data-thumb=\"https:\/\/viiipalo.krakow.pl\/wp-content\/uploads\/2021\/11\/P6250135-2-scaled-768x615.jpg\"\n\t\t\t\t\t\t     title=\"\"\n\t\t\t\t\t\t     style=\"display:none\">\n\n\t\t\t\t\t\t<img decoding=\"async\" alt=\"Uroczysto\u015b\u0107 zako\u0144czenia roku szkolnego, zdj. Olga Szpak\"\n\t\t\t\t\t\t     src=\"\" data-image=\"https:\/\/viiipalo.krakow.pl\/wp-content\/uploads\/2021\/11\/P6250086-scaled.jpg\"\n\t\t\t\t\t\t     data-thumb=\"https:\/\/viiipalo.krakow.pl\/wp-content\/uploads\/2021\/11\/P6250086-scaled-768x576.jpg\"\n\t\t\t\t\t\t     title=\"\"\n\t\t\t\t\t\t     style=\"display:none\">\n\n\t\t\t\t\t\t<img decoding=\"async\" alt=\"Uroczysto\u015b\u0107 zako\u0144czenia roku szkolnego, zdj. Olga Szpak\"\n\t\t\t\t\t\t     src=\"\" data-image=\"https:\/\/viiipalo.krakow.pl\/wp-content\/uploads\/2021\/11\/207750968_858593371720948_479025632723976381_n.jpg\"\n\t\t\t\t\t\t     data-thumb=\"https:\/\/viiipalo.krakow.pl\/wp-content\/uploads\/2021\/11\/207750968_858593371720948_479025632723976381_n-768x576.jpg\"\n\t\t\t\t\t\t     title=\"\"\n\t\t\t\t\t\t     style=\"display:none\">\n\n\t\t\t\t\t\t<img decoding=\"async\" alt=\"Uroczysto\u015b\u0107 zako\u0144czenia roku szkolnego, zdj. Olga Szpak\"\n\t\t\t\t\t\t     src=\"\" data-image=\"https:\/\/viiipalo.krakow.pl\/wp-content\/uploads\/2021\/11\/P6250148-scaled.jpg\"\n\t\t\t\t\t\t     data-thumb=\"https:\/\/viiipalo.krakow.pl\/wp-content\/uploads\/2021\/11\/P6250148-scaled-768x576.jpg\"\n\t\t\t\t\t\t     title=\"\"\n\t\t\t\t\t\t     style=\"display:none\">\n\n\t\t\t\t\t\t<img decoding=\"async\" alt=\"Uroczysto\u015b\u0107 zako\u0144czenia roku szkolnego 2020\/2021, zdj. Olga Szpak\"\n\t\t\t\t\t\t     src=\"\" data-image=\"https:\/\/viiipalo.krakow.pl\/wp-content\/uploads\/2021\/11\/208195532_141492881385213_8426992580227758882_n.jpg\"\n\t\t\t\t\t\t     data-thumb=\"https:\/\/viiipalo.krakow.pl\/wp-content\/uploads\/2021\/11\/208195532_141492881385213_8426992580227758882_n-768x576.jpg\"\n\t\t\t\t\t\t     title=\"\"\n\t\t\t\t\t\t     style=\"display:none\">\n\n\t\t\t\t\t\t<img decoding=\"async\" alt=\"B0C_8433\"\n\t\t\t\t\t\t     src=\"\" data-image=\"https:\/\/viiipalo.krakow.pl\/wp-content\/uploads\/2021\/02\/B0C_8433.jpg\"\n\t\t\t\t\t\t     data-thumb=\"https:\/\/viiipalo.krakow.pl\/wp-content\/uploads\/2021\/02\/B0C_8433-768x409.jpg\"\n\t\t\t\t\t\t     title=\"\"\n\t\t\t\t\t\t     style=\"display:none\">\n\n\t\t\t\t\t\t<img decoding=\"async\" alt=\"B0C_8600\"\n\t\t\t\t\t\t     src=\"\" data-image=\"https:\/\/viiipalo.krakow.pl\/wp-content\/uploads\/2021\/02\/B0C_8600.jpg\"\n\t\t\t\t\t\t     data-thumb=\"https:\/\/viiipalo.krakow.pl\/wp-content\/uploads\/2021\/02\/B0C_8600-768x512.jpg\"\n\t\t\t\t\t\t     title=\"\"\n\t\t\t\t\t\t     style=\"display:none\">\n\n\t\t\t\t\t\t<img decoding=\"async\" alt=\"DSC02033\"\n\t\t\t\t\t\t     src=\"\" data-image=\"https:\/\/viiipalo.krakow.pl\/wp-content\/uploads\/2021\/02\/DSC02033-scaled.jpg\"\n\t\t\t\t\t\t     data-thumb=\"https:\/\/viiipalo.krakow.pl\/wp-content\/uploads\/2021\/02\/DSC02033-scaled-768x576.jpg\"\n\t\t\t\t\t\t     title=\"\"\n\t\t\t\t\t\t     style=\"display:none\">\n\n\t\t\t\t\t\t<img decoding=\"async\" alt=\"Uroczysta Rada Pedagogiczna\"\n\t\t\t\t\t\t     src=\"\" data-image=\"https:\/\/viiipalo.krakow.pl\/wp-content\/uploads\/2021\/02\/F7F2D5C4-4626-4446-8E5A-241E02D1D7BE.jpeg\"\n\t\t\t\t\t\t     data-thumb=\"https:\/\/viiipalo.krakow.pl\/wp-content\/uploads\/2021\/02\/F7F2D5C4-4626-4446-8E5A-241E02D1D7BE-576x768.jpeg\"\n\t\t\t\t\t\t     title=\"\"\n\t\t\t\t\t\t     style=\"display:none\">\n\n\t\t\t\t\t\t<img decoding=\"async\" alt=\"1270\"\n\t\t\t\t\t\t     src=\"\" data-image=\"https:\/\/viiipalo.krakow.pl\/wp-content\/uploads\/2021\/02\/1270.jpg\"\n\t\t\t\t\t\t     data-thumb=\"https:\/\/viiipalo.krakow.pl\/wp-content\/uploads\/2021\/02\/1270-768x576.jpg\"\n\t\t\t\t\t\t     title=\"\"\n\t\t\t\t\t\t     style=\"display:none\">\n\n\t\t\t\t\t\t<img decoding=\"async\" alt=\"Wizyta szko\u0142y partnerskiej z Nepalu w VIIIPALO\"\n\t\t\t\t\t\t     src=\"\" data-image=\"https:\/\/viiipalo.krakow.pl\/wp-content\/uploads\/2021\/02\/1.png\"\n\t\t\t\t\t\t     data-thumb=\"https:\/\/viiipalo.krakow.pl\/wp-content\/uploads\/2021\/02\/1-768x614.png\"\n\t\t\t\t\t\t     title=\"\"\n\t\t\t\t\t\t     style=\"display:none\">\n\n\t\t\t\t\t\t<img decoding=\"async\" alt=\"Zawody narciarskie o puchar Pana Dyrektora\"\n\t\t\t\t\t\t     src=\"\" data-image=\"https:\/\/viiipalo.krakow.pl\/wp-content\/uploads\/2021\/02\/DSC00860-scaled.jpg\"\n\t\t\t\t\t\t     data-thumb=\"https:\/\/viiipalo.krakow.pl\/wp-content\/uploads\/2021\/02\/DSC00860-scaled-768x511.jpg\"\n\t\t\t\t\t\t     title=\"\"\n\t\t\t\t\t\t     style=\"display:none\">\n\n\t\t\t\t\t\t<img decoding=\"async\" alt=\"Studni\u00f3wka w VIIIPALO\"\n\t\t\t\t\t\t     src=\"\" data-image=\"https:\/\/viiipalo.krakow.pl\/wp-content\/uploads\/2021\/02\/C090207020-scaled.jpg\"\n\t\t\t\t\t\t     data-thumb=\"https:\/\/viiipalo.krakow.pl\/wp-content\/uploads\/2021\/02\/C090207020-scaled-768x510.jpg\"\n\t\t\t\t\t\t     title=\"\"\n\t\t\t\t\t\t     style=\"display:none\">\n\n\t\t\t\t\t\t<img decoding=\"async\" alt=\"Dyrektor szko\u0142y wraz z nauczycielami nagrodzonymi medalem MEN\"\n\t\t\t\t\t\t     src=\"\" data-image=\"https:\/\/viiipalo.krakow.pl\/wp-content\/uploads\/2021\/02\/408.jpg\"\n\t\t\t\t\t\t     data-thumb=\"https:\/\/viiipalo.krakow.pl\/wp-content\/uploads\/2021\/02\/408-768x576.jpg\"\n\t\t\t\t\t\t     title=\"\"\n\t\t\t\t\t\t     style=\"display:none\">\n\n\t\t\t\t\t\t<img decoding=\"async\" alt=\"C090207086\"\n\t\t\t\t\t\t     src=\"\" data-image=\"https:\/\/viiipalo.krakow.pl\/wp-content\/uploads\/2021\/02\/C090207086-scaled.jpg\"\n\t\t\t\t\t\t     data-thumb=\"https:\/\/viiipalo.krakow.pl\/wp-content\/uploads\/2021\/02\/C090207086-scaled-768x510.jpg\"\n\t\t\t\t\t\t     title=\"\"\n\t\t\t\t\t\t     style=\"display:none\">\n\n\t\t\t\t\t\t<img decoding=\"async\" alt=\"DSC00262\"\n\t\t\t\t\t\t     src=\"\" data-image=\"https:\/\/viiipalo.krakow.pl\/wp-content\/uploads\/2021\/02\/DSC00262-scaled.jpg\"\n\t\t\t\t\t\t     data-thumb=\"https:\/\/viiipalo.krakow.pl\/wp-content\/uploads\/2021\/02\/DSC00262-scaled-768x576.jpg\"\n\t\t\t\t\t\t     title=\"\"\n\t\t\t\t\t\t     style=\"display:none\">\n\n\t\t\t\t\t\t<img decoding=\"async\" alt=\"DSC00268\"\n\t\t\t\t\t\t     src=\"\" data-image=\"https:\/\/viiipalo.krakow.pl\/wp-content\/uploads\/2021\/02\/DSC00268-scaled.jpg\"\n\t\t\t\t\t\t     data-thumb=\"https:\/\/viiipalo.krakow.pl\/wp-content\/uploads\/2021\/02\/DSC00268-scaled-768x576.jpg\"\n\t\t\t\t\t\t     title=\"\"\n\t\t\t\t\t\t     style=\"display:none\">\n\n\t\t\t\t\t\t<img decoding=\"async\" alt=\"DSC00494\"\n\t\t\t\t\t\t     src=\"\" data-image=\"https:\/\/viiipalo.krakow.pl\/wp-content\/uploads\/2021\/02\/DSC00494.jpg\"\n\t\t\t\t\t\t     data-thumb=\"https:\/\/viiipalo.krakow.pl\/wp-content\/uploads\/2021\/02\/DSC00494-768x432.jpg\"\n\t\t\t\t\t\t     title=\"\"\n\t\t\t\t\t\t     style=\"display:none\">\n\n\t\t\t\t\t\t<img decoding=\"async\" alt=\"DSC00896\"\n\t\t\t\t\t\t     src=\"\" data-image=\"https:\/\/viiipalo.krakow.pl\/wp-content\/uploads\/2021\/02\/DSC00896-scaled.jpg\"\n\t\t\t\t\t\t     data-thumb=\"https:\/\/viiipalo.krakow.pl\/wp-content\/uploads\/2021\/02\/DSC00896-scaled-768x576.jpg\"\n\t\t\t\t\t\t     title=\"\"\n\t\t\t\t\t\t     style=\"display:none\">\n\n\t\t\t\t\t\t<img decoding=\"async\" alt=\"DSC01013\"\n\t\t\t\t\t\t     src=\"\" data-image=\"https:\/\/viiipalo.krakow.pl\/wp-content\/uploads\/2021\/02\/DSC01013.jpg\"\n\t\t\t\t\t\t     data-thumb=\"https:\/\/viiipalo.krakow.pl\/wp-content\/uploads\/2021\/02\/DSC01013-768x576.jpg\"\n\t\t\t\t\t\t     title=\"\"\n\t\t\t\t\t\t     style=\"display:none\">\n\n\t\t\t\t\t\t<img decoding=\"async\" alt=\"DSC01068\"\n\t\t\t\t\t\t     src=\"\" data-image=\"https:\/\/viiipalo.krakow.pl\/wp-content\/uploads\/2021\/02\/DSC01068.jpg\"\n\t\t\t\t\t\t     data-thumb=\"https:\/\/viiipalo.krakow.pl\/wp-content\/uploads\/2021\/02\/DSC01068-768x576.jpg\"\n\t\t\t\t\t\t     title=\"\"\n\t\t\t\t\t\t     style=\"display:none\">\n\n\t\t\t\t\t\t<img decoding=\"async\" alt=\"DSC01520\"\n\t\t\t\t\t\t     src=\"\" data-image=\"https:\/\/viiipalo.krakow.pl\/wp-content\/uploads\/2021\/02\/DSC01520-scaled.jpg\"\n\t\t\t\t\t\t     data-thumb=\"https:\/\/viiipalo.krakow.pl\/wp-content\/uploads\/2021\/02\/DSC01520-scaled-768x576.jpg\"\n\t\t\t\t\t\t     title=\"\"\n\t\t\t\t\t\t     style=\"display:none\">\n\n\t\t\t\t\t\t<img decoding=\"async\" alt=\"DSC01524\"\n\t\t\t\t\t\t     src=\"\" data-image=\"https:\/\/viiipalo.krakow.pl\/wp-content\/uploads\/2021\/02\/DSC01524-scaled.jpg\"\n\t\t\t\t\t\t     data-thumb=\"https:\/\/viiipalo.krakow.pl\/wp-content\/uploads\/2021\/02\/DSC01524-scaled-768x576.jpg\"\n\t\t\t\t\t\t     title=\"\"\n\t\t\t\t\t\t     style=\"display:none\">\n\n\t\t\t\t\t\t<img decoding=\"async\" alt=\"DSC00701\"\n\t\t\t\t\t\t     src=\"\" data-image=\"https:\/\/viiipalo.krakow.pl\/wp-content\/uploads\/2021\/02\/DSC00701-scaled.jpg\"\n\t\t\t\t\t\t     data-thumb=\"https:\/\/viiipalo.krakow.pl\/wp-content\/uploads\/2021\/02\/DSC00701-scaled-768x576.jpg\"\n\t\t\t\t\t\t     title=\"\"\n\t\t\t\t\t\t     style=\"display:none\">\n\n\t\t\t\t\t\t<img decoding=\"async\" alt=\"Nasi Kreatywni - Destination Imagination\"\n\t\t\t\t\t\t     src=\"\" data-image=\"https:\/\/viiipalo.krakow.pl\/wp-content\/uploads\/2021\/02\/DSC00704-scaled.jpg\"\n\t\t\t\t\t\t     data-thumb=\"https:\/\/viiipalo.krakow.pl\/wp-content\/uploads\/2021\/02\/DSC00704-scaled-768x576.jpg\"\n\t\t\t\t\t\t     title=\"\"\n\t\t\t\t\t\t     style=\"display:none\">\n\n\t\t\t\t\t\t<img decoding=\"async\" alt=\"Zawody narciarskie o puchar Pana Dyrektora\"\n\t\t\t\t\t\t     src=\"\" data-image=\"https:\/\/viiipalo.krakow.pl\/wp-content\/uploads\/2021\/02\/DSC00857-scaled.jpg\"\n\t\t\t\t\t\t     data-thumb=\"https:\/\/viiipalo.krakow.pl\/wp-content\/uploads\/2021\/02\/DSC00857-scaled-768x511.jpg\"\n\t\t\t\t\t\t     title=\"\"\n\t\t\t\t\t\t     style=\"display:none\">\n\n\t\t\t\t\t\t<img decoding=\"async\" alt=\"DSC01113\"\n\t\t\t\t\t\t     src=\"\" data-image=\"https:\/\/viiipalo.krakow.pl\/wp-content\/uploads\/2021\/02\/DSC01113.jpg\"\n\t\t\t\t\t\t     data-thumb=\"https:\/\/viiipalo.krakow.pl\/wp-content\/uploads\/2021\/02\/DSC01113-768x576.jpg\"\n\t\t\t\t\t\t     title=\"\"\n\t\t\t\t\t\t     style=\"display:none\">\n\n\t\t\t\t\t\t<img decoding=\"async\" alt=\"DSC01980\"\n\t\t\t\t\t\t     src=\"\" data-image=\"https:\/\/viiipalo.krakow.pl\/wp-content\/uploads\/2021\/02\/DSC01980-scaled.jpg\"\n\t\t\t\t\t\t     data-thumb=\"https:\/\/viiipalo.krakow.pl\/wp-content\/uploads\/2021\/02\/DSC01980-scaled-768x576.jpg\"\n\t\t\t\t\t\t     title=\"\"\n\t\t\t\t\t\t     style=\"display:none\">\n\n\t\t\t\t\t\t<img decoding=\"async\" alt=\"DSC01981\"\n\t\t\t\t\t\t     src=\"\" data-image=\"https:\/\/viiipalo.krakow.pl\/wp-content\/uploads\/2021\/02\/DSC01981-scaled.jpg\"\n\t\t\t\t\t\t     data-thumb=\"https:\/\/viiipalo.krakow.pl\/wp-content\/uploads\/2021\/02\/DSC01981-scaled-768x576.jpg\"\n\t\t\t\t\t\t     title=\"\"\n\t\t\t\t\t\t     style=\"display:none\">\n\n\t\t\t\t\t\t<img decoding=\"async\" alt=\"Uczniowie VIIIPALO\"\n\t\t\t\t\t\t     src=\"\" data-image=\"https:\/\/viiipalo.krakow.pl\/wp-content\/uploads\/2021\/02\/DSC01985-scaled.jpg\"\n\t\t\t\t\t\t     data-thumb=\"https:\/\/viiipalo.krakow.pl\/wp-content\/uploads\/2021\/02\/DSC01985-scaled-768x576.jpg\"\n\t\t\t\t\t\t     title=\"\"\n\t\t\t\t\t\t     style=\"display:none\">\n\n\t\t\t\t\t\t<img decoding=\"async\" alt=\"Uczniowie VIIIPALO\"\n\t\t\t\t\t\t     src=\"\" data-image=\"https:\/\/viiipalo.krakow.pl\/wp-content\/uploads\/2021\/02\/DSC02001-scaled.jpg\"\n\t\t\t\t\t\t     data-thumb=\"https:\/\/viiipalo.krakow.pl\/wp-content\/uploads\/2021\/02\/DSC02001-scaled-768x576.jpg\"\n\t\t\t\t\t\t     title=\"\"\n\t\t\t\t\t\t     style=\"display:none\">\n\n\t\t\t\t\t\t<img decoding=\"async\" alt=\"Zabierz\u00f3w - &quot;Sprz\u0105tanie \u015bwiata&quot;\"\n\t\t\t\t\t\t     src=\"\" data-image=\"https:\/\/viiipalo.krakow.pl\/wp-content\/uploads\/2021\/02\/IMG_0961_p.jpg\"\n\t\t\t\t\t\t     data-thumb=\"https:\/\/viiipalo.krakow.pl\/wp-content\/uploads\/2021\/02\/IMG_0961_p-768x499.jpg\"\n\t\t\t\t\t\t     title=\"\"\n\t\t\t\t\t\t     style=\"display:none\">\n\n\t\t\t\t\t\t<img decoding=\"async\" alt=\"Zabierz\u00f3w - &quot;Sprz\u0105tanie \u015bwiata&quot;\"\n\t\t\t\t\t\t     src=\"\" data-image=\"https:\/\/viiipalo.krakow.pl\/wp-content\/uploads\/2021\/02\/P1011349.jpg\"\n\t\t\t\t\t\t     data-thumb=\"https:\/\/viiipalo.krakow.pl\/wp-content\/uploads\/2021\/02\/P1011349-768x576.jpg\"\n\t\t\t\t\t\t     title=\"\"\n\t\t\t\t\t\t     style=\"display:none\">\n\n\t\t\t\t\t\t<img decoding=\"async\" alt=\"Zabierz\u00f3w - &quot;Sprz\u0105tanie \u015bwiata&quot;\"\n\t\t\t\t\t\t     src=\"\" data-image=\"https:\/\/viiipalo.krakow.pl\/wp-content\/uploads\/2021\/02\/MG_1483_p.jpg\"\n\t\t\t\t\t\t     data-thumb=\"https:\/\/viiipalo.krakow.pl\/wp-content\/uploads\/2021\/02\/MG_1483_p-768x499.jpg\"\n\t\t\t\t\t\t     title=\"\"\n\t\t\t\t\t\t     style=\"display:none\">\n\n\t\t\t\t\t\t<img decoding=\"async\" alt=\"Zabierz\u00f3w - &quot;Sprz\u0105tanie \u015bwiata&quot;\"\n\t\t\t\t\t\t     src=\"\" data-image=\"https:\/\/viiipalo.krakow.pl\/wp-content\/uploads\/2021\/02\/IMG_0962_p.jpg\"\n\t\t\t\t\t\t     data-thumb=\"https:\/\/viiipalo.krakow.pl\/wp-content\/uploads\/2021\/02\/IMG_0962_p-768x499.jpg\"\n\t\t\t\t\t\t     title=\"\"\n\t\t\t\t\t\t     style=\"display:none\">\n\t\t\t<\/div>\n\n\t\t\t<script type='text\/javascript'>\n\t\t\t\twindow.onload = function(e) {\n\t\t\t\t\tif(typeof ugCheckForErrors == \"undefined\"){\n\t\t\t\t\t\tdocument.getElementById(\"unitegallery_1_1\").innerHTML = \"<span style='color:red'>Unite Gallery Error - gallery js and css files not included in the footer. Please make sure that wp_footer() function is added to your theme.<\/span>\";}\n\t\t\t\t\telse{ ugCheckForErrors(\"unitegallery_1_1\", \"jquery\");}\n\t\t\t\t};\n\t\t\t<\/script>\n\n\t\t\t<!-- END UNITEGALLERY --><\/div>\n\t\t\t\t<\/div>\n\t\t\t\t<\/div>\n\t\t\t\t\t<\/div>\n\t\t<\/div>\n\t\t\t\t\t<\/div>\n\t\t<\/section>\n\t\t\t\t\t<\/div>\n\t\t<\/div>\n\t\t\t\t\t<\/div>\n\t\t<\/section>\n\t\t\t\t<\/div>\n\t\t","protected":false},"excerpt":{"rendered":"","protected":false},"author":1,"featured_media":0,"parent":0,"menu_order":0,"comment_status":"closed","ping_status":"closed","template":"","meta":{"h5ap_radio_sources":[],"footnotes":""},"class_list":["post-13501","page","type-page","status-publish","hentry"],"_links":{"self":[{"href":"https:\/\/viiipalo.krakow.pl\/en\/wp-json\/wp\/v2\/pages\/13501","targetHints":{"allow":["GET"]}}],"collection":[{"href":"https:\/\/viiipalo.krakow.pl\/en\/wp-json\/wp\/v2\/pages"}],"about":[{"href":"https:\/\/viiipalo.krakow.pl\/en\/wp-json\/wp\/v2\/types\/page"}],"author":[{"embeddable":true,"href":"https:\/\/viiipalo.krakow.pl\/en\/wp-json\/wp\/v2\/users\/1"}],"replies":[{"embeddable":true,"href":"https:\/\/viiipalo.krakow.pl\/en\/wp-json\/wp\/v2\/comments?post=13501"}],"version-history":[{"count":3,"href":"https:\/\/viiipalo.krakow.pl\/en\/wp-json\/wp\/v2\/pages\/13501\/revisions"}],"predecessor-version":[{"id":13505,"href":"https:\/\/viiipalo.krakow.pl\/en\/wp-json\/wp\/v2\/pages\/13501\/revisions\/13505"}],"wp:attachment":[{"href":"https:\/\/viiipalo.krakow.pl\/en\/wp-json\/wp\/v2\/media?parent=13501"}],"curies":[{"name":"wp","href":"https:\/\/api.w.org\/{rel}","templated":true}]}}