{"id":12839,"date":"2021-10-06T20:07:58","date_gmt":"2021-10-06T20:07:58","guid":{"rendered":"https:\/\/viiipalo.krakow.pl\/?page_id=12839"},"modified":"2022-10-12T13:29:14","modified_gmt":"2022-10-12T13:29:14","slug":"head-of-school","status":"publish","type":"page","link":"https:\/\/viiipalo.krakow.pl\/en\/staff\/head-of-school\/","title":{"rendered":"Head of school"},"content":{"rendered":"\t\t<div data-elementor-type=\"wp-page\" data-elementor-id=\"12839\" class=\"elementor elementor-12839 elementor-8981\" data-elementor-settings=\"{&quot;ha_cmc_init_switcher&quot;:&quot;no&quot;}\">\n\t\t\t\t\t\t<section class=\"elementor-section elementor-top-section elementor-element elementor-element-50ace25 elementor-section-stretched elementor-section-boxed elementor-section-height-default elementor-section-height-default\" data-id=\"50ace25\" data-element_type=\"section\" data-settings=\"{&quot;background_background&quot;:&quot;classic&quot;,&quot;stretch_section&quot;:&quot;section-stretched&quot;,&quot;_ha_eqh_enable&quot;:false}\">\n\t\t\t\t\t\t<div class=\"elementor-container elementor-column-gap-default\">\n\t\t\t\t\t<div class=\"elementor-column elementor-col-100 elementor-top-column elementor-element elementor-element-74277780\" data-id=\"74277780\" data-element_type=\"column\">\n\t\t\t<div class=\"elementor-widget-wrap elementor-element-populated\">\n\t\t\t\t\t\t<section class=\"elementor-section elementor-inner-section elementor-element elementor-element-e3e83ba elementor-section-boxed elementor-section-height-default elementor-section-height-default\" data-id=\"e3e83ba\" data-element_type=\"section\" data-settings=\"{&quot;_ha_eqh_enable&quot;:false}\">\n\t\t\t\t\t\t<div class=\"elementor-container elementor-column-gap-wide\">\n\t\t\t\t\t<div class=\"elementor-column elementor-col-50 elementor-inner-column elementor-element elementor-element-738f8363\" data-id=\"738f8363\" data-element_type=\"column\">\n\t\t\t<div class=\"elementor-widget-wrap elementor-element-populated\">\n\t\t\t\t\t\t<div class=\"elementor-element elementor-element-1124215d elementor-widget elementor-widget-ha-member happy-addon ha-member\" data-id=\"1124215d\" data-element_type=\"widget\" data-widget_type=\"ha-member.default\">\n\t\t\t\t<div class=\"elementor-widget-container\">\n\t\t\t\n\t\t\n\t\t<div class=\"ha-member-body\">\n\t\t\t<h1 class=\"ha-member-name\">dr hab. Jerzy Walig\u00f3ra<\/h1>\n\t\t\t\t\t\t\t<div class=\"ha-member-position\">Head of VIII PALO<\/div>\n\t\t\t\n\t\t\t\t\t\t\t<div class=\"ha-member-bio\">\n\t\t\t\t\t<p>poniedzia\u0142ek: 11.30- 13.00<br>\n\u015broda: 11.30 - 13.00<br>\n<br><\/p>\n\t\t\t\t<\/div>\n\t\t\t\n\t\t\t\n\t\t\t\n\t\t\t\t\t<\/div>\n\t\t\t\t<\/div>\n\t\t\t\t<\/div>\n\t\t\t\t\t<\/div>\n\t\t<\/div>\n\t\t\t\t<div class=\"elementor-column elementor-col-50 elementor-inner-column elementor-element elementor-element-af35f64\" data-id=\"af35f64\" data-element_type=\"column\">\n\t\t\t<div class=\"elementor-widget-wrap elementor-element-populated\">\n\t\t\t\t\t\t<div class=\"elementor-element elementor-element-a6620b2 elementor-widget elementor-widget-ha-member happy-addon ha-member\" data-id=\"a6620b2\" data-element_type=\"widget\" data-widget_type=\"ha-member.default\">\n\t\t\t\t<div class=\"elementor-widget-container\">\n\t\t\t\n\t\t\n\t\t<div class=\"ha-member-body\">\n\t\t\t<h1 class=\"ha-member-name\">mgr Kazimiera Walig\u00f3ra<\/h1>\n\t\t\t\t\t\t\t<div class=\"ha-member-position\">Deputy Head of VIII PALO<\/div>\n\t\t\t\n\t\t\t\t\t\t\t<div class=\"ha-member-bio\">\n\t\t\t\t\t<p>czwartek: 9.00 - 10.00<\/p>\n\t\t\t\t<\/div>\n\t\t\t\n\t\t\t\n\t\t\t\n\t\t\t\t\t<\/div>\n\t\t\t\t<\/div>\n\t\t\t\t<\/div>\n\t\t\t\t\t<\/div>\n\t\t<\/div>\n\t\t\t\t\t<\/div>\n\t\t<\/section>\n\t\t\t\t\t<\/div>\n\t\t<\/div>\n\t\t\t\t\t<\/div>\n\t\t<\/section>\n\t\t\t\t<section class=\"elementor-section elementor-top-section elementor-element elementor-element-9f46d9f elementor-section-stretched elementor-section-boxed elementor-section-height-default elementor-section-height-default\" data-id=\"9f46d9f\" data-element_type=\"section\" data-settings=\"{&quot;background_background&quot;:&quot;classic&quot;,&quot;stretch_section&quot;:&quot;section-stretched&quot;,&quot;_ha_eqh_enable&quot;:false}\">\n\t\t\t\t\t\t<div class=\"elementor-container elementor-column-gap-default\">\n\t\t\t\t\t<div class=\"elementor-column elementor-col-100 elementor-top-column elementor-element elementor-element-e8b2b3f\" data-id=\"e8b2b3f\" data-element_type=\"column\">\n\t\t\t<div class=\"elementor-widget-wrap elementor-element-populated\">\n\t\t\t\t\t\t<section class=\"elementor-section elementor-inner-section elementor-element elementor-element-6228302 elementor-section-boxed elementor-section-height-default elementor-section-height-default\" data-id=\"6228302\" data-element_type=\"section\" data-settings=\"{&quot;_ha_eqh_enable&quot;:false}\">\n\t\t\t\t\t\t<div class=\"elementor-container elementor-column-gap-wide\">\n\t\t\t\t\t<div class=\"elementor-column elementor-col-50 elementor-inner-column elementor-element elementor-element-b6527e8\" data-id=\"b6527e8\" data-element_type=\"column\">\n\t\t\t<div class=\"elementor-widget-wrap elementor-element-populated\">\n\t\t\t\t\t\t<div class=\"elementor-element elementor-element-e6b5bdf elementor-widget elementor-widget-ha-member happy-addon ha-member\" data-id=\"e6b5bdf\" data-element_type=\"widget\" data-widget_type=\"ha-member.default\">\n\t\t\t\t<div class=\"elementor-widget-container\">\n\t\t\t\n\t\t\n\t\t<div class=\"ha-member-body\">\n\t\t\t<h1 class=\"ha-member-name\">mgr Ewa Dudek<\/h1>\n\t\t\t\t\t\t\t<div class=\"ha-member-position\">Deputy Head, IB Coordinator<\/div>\n\t\t\t\n\t\t\t\t\t\t\t<div class=\"ha-member-bio\">\n\t\t\t\t\t<p>poniedzia\u0142ek: 12.30-13.30 (ul. Batorego 25)<br>\nczwartek: 10.15 - 11.30<br>\n<br><\/p>\n\t\t\t\t<\/div>\n\t\t\t\n\t\t\t\n\t\t\t\n\t\t\t\t\t<\/div>\n\t\t\t\t<\/div>\n\t\t\t\t<\/div>\n\t\t\t\t\t<\/div>\n\t\t<\/div>\n\t\t\t\t<div class=\"elementor-column elementor-col-50 elementor-inner-column elementor-element elementor-element-17beeb8\" data-id=\"17beeb8\" data-element_type=\"column\">\n\t\t\t<div class=\"elementor-widget-wrap elementor-element-populated\">\n\t\t\t\t\t\t<div class=\"elementor-element elementor-element-16707e8 elementor-widget elementor-widget-ha-member happy-addon ha-member\" data-id=\"16707e8\" data-element_type=\"widget\" data-widget_type=\"ha-member.default\">\n\t\t\t\t<div class=\"elementor-widget-container\">\n\t\t\t\n\t\t\n\t\t<div class=\"ha-member-body\">\n\t\t\t<h1 class=\"ha-member-name\">dr Tadeusz Borucki<\/h1>\n\t\t\t\t\t\t\t<div class=\"ha-member-position\">Deputy Head<\/div>\n\t\t\t\n\t\t\t\t\t\t\t<div class=\"ha-member-bio\">\n\t\t\t\t\t<p>\u015broda: 10.00- 11.00<br>pi\u0105tek: 8.30-9.30<\/p>\n\t\t\t\t<\/div>\n\t\t\t\n\t\t\t\n\t\t\t\n\t\t\t\t\t<\/div>\n\t\t\t\t<\/div>\n\t\t\t\t<\/div>\n\t\t\t\t\t<\/div>\n\t\t<\/div>\n\t\t\t\t\t<\/div>\n\t\t<\/section>\n\t\t\t\t\t<\/div>\n\t\t<\/div>\n\t\t\t\t\t<\/div>\n\t\t<\/section>\n\t\t\t\t<\/div>\n\t\t","protected":false},"excerpt":{"rendered":"<p>dr hab. Jerzy Walig\u00f3ra Head of VIII PALO poniedzia\u0142ek: 11.30- 13.00 \u015broda: 11.30 &#8211; 13.00 mgr Kazimiera Walig\u00f3ra Deputy Head of VIII PALO czwartek: 9.00 &#8211; 10.00 mgr Ewa Dudek Deputy Head, IB Coordinator poniedzia\u0142ek: 12.30-13.30 (ul. Batorego 25) czwartek: &hellip; <\/p>\n","protected":false},"author":3,"featured_media":0,"parent":12830,"menu_order":0,"comment_status":"closed","ping_status":"closed","template":"","meta":{"h5ap_radio_sources":[],"footnotes":""},"class_list":["post-12839","page","type-page","status-publish","hentry"],"_links":{"self":[{"href":"https:\/\/viiipalo.krakow.pl\/en\/wp-json\/wp\/v2\/pages\/12839","targetHints":{"allow":["GET"]}}],"collection":[{"href":"https:\/\/viiipalo.krakow.pl\/en\/wp-json\/wp\/v2\/pages"}],"about":[{"href":"https:\/\/viiipalo.krakow.pl\/en\/wp-json\/wp\/v2\/types\/page"}],"author":[{"embeddable":true,"href":"https:\/\/viiipalo.krakow.pl\/en\/wp-json\/wp\/v2\/users\/3"}],"replies":[{"embeddable":true,"href":"https:\/\/viiipalo.krakow.pl\/en\/wp-json\/wp\/v2\/comments?post=12839"}],"version-history":[{"count":27,"href":"https:\/\/viiipalo.krakow.pl\/en\/wp-json\/wp\/v2\/pages\/12839\/revisions"}],"predecessor-version":[{"id":14645,"href":"https:\/\/viiipalo.krakow.pl\/en\/wp-json\/wp\/v2\/pages\/12839\/revisions\/14645"}],"up":[{"embeddable":true,"href":"https:\/\/viiipalo.krakow.pl\/en\/wp-json\/wp\/v2\/pages\/12830"}],"wp:attachment":[{"href":"https:\/\/viiipalo.krakow.pl\/en\/wp-json\/wp\/v2\/media?parent=12839"}],"curies":[{"name":"wp","href":"https:\/\/api.w.org\/{rel}","templated":true}]}}