{"id":12835,"date":"2021-10-06T20:06:04","date_gmt":"2021-10-06T20:06:04","guid":{"rendered":"https:\/\/viiipalo.krakow.pl\/?page_id=12835"},"modified":"2021-10-23T10:52:19","modified_gmt":"2021-10-23T10:52:19","slug":"teachers","status":"publish","type":"page","link":"https:\/\/viiipalo.krakow.pl\/en\/staff\/teachers\/","title":{"rendered":"Teachers"},"content":{"rendered":"\t\t<div data-elementor-type=\"wp-page\" data-elementor-id=\"12835\" class=\"elementor elementor-12835 elementor-8978\" data-elementor-settings=\"{&quot;ha_cmc_init_switcher&quot;:&quot;no&quot;}\">\n\t\t\t\t\t\t<section class=\"elementor-section elementor-top-section elementor-element elementor-element-d68efd4 elementor-section-full_width elementor-section-stretched elementor-section-height-default elementor-section-height-default\" data-id=\"d68efd4\" data-element_type=\"section\" data-settings=\"{&quot;stretch_section&quot;:&quot;section-stretched&quot;,&quot;_ha_eqh_enable&quot;:false}\">\n\t\t\t\t\t\t<div class=\"elementor-container elementor-column-gap-default\">\n\t\t\t\t\t<div class=\"elementor-column elementor-col-100 elementor-top-column elementor-element elementor-element-28d7836\" data-id=\"28d7836\" data-element_type=\"column\">\n\t\t\t<div class=\"elementor-widget-wrap elementor-element-populated\">\n\t\t\t\t\t\t<section class=\"elementor-section elementor-inner-section elementor-element elementor-element-33506a0 elementor-section-boxed elementor-section-height-default elementor-section-height-default\" data-id=\"33506a0\" data-element_type=\"section\" data-settings=\"{&quot;_ha_eqh_enable&quot;:false}\">\n\t\t\t\t\t\t<div class=\"elementor-container elementor-column-gap-default\">\n\t\t\t\t\t<div class=\"elementor-column elementor-col-100 elementor-inner-column elementor-element elementor-element-ef3f137\" data-id=\"ef3f137\" data-element_type=\"column\">\n\t\t\t<div class=\"elementor-widget-wrap elementor-element-populated\">\n\t\t\t\t\t\t<div class=\"elementor-element elementor-element-f6f3876 elementor-widget elementor-widget-heading\" data-id=\"f6f3876\" data-element_type=\"widget\" data-widget_type=\"heading.default\">\n\t\t\t\t<div class=\"elementor-widget-container\">\n\t\t\t<h2 class=\"elementor-heading-title elementor-size-default\">VIII PALO staff in 2021\/22<\/h2>\t\t<\/div>\n\t\t\t\t<\/div>\n\t\t\t\t<div class=\"elementor-element elementor-element-7b6fd4b elementor-widget elementor-widget-text-editor\" data-id=\"7b6fd4b\" data-element_type=\"widget\" data-widget_type=\"text-editor.default\">\n\t\t\t\t<div class=\"elementor-widget-container\">\n\t\t\t\t\t\t\t<p><strong>&nbsp;<\/strong><\/p>\n<table width=\"331\">\n<tbody>\n<tr>\n<td width=\"28\">No.<\/td>\n<td width=\"302\">Name<\/td><\/tr><tr><td width=\"28\">1.<\/td>\n<td width=\"302\">mgr Bart\u0142omiej Adler<\/td>\n<\/tr>\n<tr>\n<td width=\"28\">2.<\/td>\n<td width=\"302\">mgr Sebastian Babi\u0144ski<\/td>\n<\/tr>\n<tr>\n<td width=\"28\">3.<\/td>\n<td width=\"302\">mgr Rafael Balches Arenas<\/td>\n<\/tr>\n<tr>\n<td width=\"28\">4.<\/td>\n<td width=\"302\">mgr Bo\u017cena Bara\u0144ska<\/td>\n<\/tr>\n<tr>\n<td width=\"28\">5.<\/td>\n<td width=\"302\">mgr Wiktor Bardan<\/td>\n<\/tr>\n<tr>\n<td width=\"28\">6.<\/td>\n<td width=\"302\">mgr Ma\u0142gorzata Berkowicz-Ma\u0142ek<\/td>\n<\/tr>\n<tr>\n<td width=\"28\">7.<\/td>\n<td width=\"302\">mgr Ewa Bobulska<\/td>\n<\/tr>\n<tr>\n<td width=\"28\">8.<\/td>\n<td width=\"302\">mgr Daria Boratyn<\/td>\n<\/tr>\n<tr>\n<td width=\"28\">9.<\/td>\n<td width=\"302\">mgr Dominika Borek<\/td>\n<\/tr>\n<tr>\n<td width=\"28\">10.<\/td>\n<td width=\"302\">dr Tadeusz Borucki<\/td>\n<\/tr>\n<tr>\n<td width=\"28\">11.<\/td>\n<td width=\"302\">mgr Joanna van der Brug<\/td>\n<\/tr>\n<tr>\n<td width=\"28\">12.<\/td>\n<td width=\"302\">dr Jan Burnatowski<\/td>\n<\/tr>\n<tr>\n<td width=\"28\">13.<\/td>\n<td width=\"302\">mgr Monika Burzy\u0144ska<\/td>\n<\/tr>\n<tr>\n<td width=\"28\">14.<\/td>\n<td width=\"302\">dr Krzysztof Cierlikowski<\/td>\n<\/tr>\n<tr>\n<td width=\"28\">15.<\/td>\n<td width=\"302\">dr Ma\u0142gorzata Czapla<\/td>\n<\/tr>\n<tr>\n<td width=\"28\">16.<\/td>\n<td width=\"302\">mgr Domagalski Rafa\u0142<\/td>\n<\/tr>\n<tr>\n<td width=\"28\">17.<\/td>\n<td width=\"302\">dr Urszula Drzewiecka<\/td>\n<\/tr>\n<tr>\n<td width=\"28\">18.<\/td>\n<td width=\"302\">mgr Ewa Dudek<\/td>\n<\/tr>\n<tr>\n<td width=\"28\">19.<\/td>\n<td width=\"302\">dr&nbsp; Karol Dudek-R\u00f3\u017cycki<\/td>\n<\/tr>\n<tr>\n<td width=\"28\">20.<\/td>\n<td width=\"302\">mgr \u017baneta Dyl\u0105g<\/td>\n<\/tr>\n<tr>\n<td width=\"28\">21.<\/td>\n<td width=\"302\">dr John Edward Elliott<\/td>\n<\/tr>\n<tr>\n<td width=\"28\">22.<\/td>\n<td width=\"302\">mgr Agnieszka Figa<\/td>\n<\/tr>\n<tr>\n<td width=\"28\">23.<\/td>\n<td width=\"302\">mgr Dagmara Filewicz- Buczek<\/td>\n<\/tr>\n<tr>\n<td width=\"28\">24.<\/td>\n<td width=\"302\">Shaun Fitzpatrick<\/td>\n<\/tr>\n<tr>\n<td width=\"28\">25.<\/td>\n<td width=\"302\">mgr Ewa Grondal<\/td>\n<\/tr>\n<tr>\n<td width=\"28\">26.<\/td>\n<td width=\"302\">mgr Katarzyna Gucwa- Zieli\u0144ska<\/td>\n<\/tr>\n<tr>\n<td width=\"28\">27.<\/td>\n<td width=\"302\">mgr William Goodman<\/td>\n<\/tr>\n<tr>\n<td width=\"28\">28.<\/td>\n<td width=\"302\">mgr Iwona Haduch<\/td>\n<\/tr>\n<tr>\n<td width=\"28\">29.<\/td>\n<td width=\"302\">mgr Krzysztof&nbsp; Hasir<\/td>\n<\/tr>\n<tr>\n<td width=\"28\">30.<\/td>\n<td width=\"302\">mgr El\u017cbieta Hejmo<\/td>\n<\/tr>\n<tr>\n<td width=\"28\">31.<\/td>\n<td width=\"302\">dr Mateusz Jab\u0142o\u0144ski<\/td>\n<\/tr>\n<tr>\n<td width=\"28\">32.<\/td>\n<td width=\"302\">mgr Bartosz Jakubek<\/td>\n<\/tr>\n<tr>\n<td width=\"28\">33.<\/td>\n<td width=\"302\">mgr Jolanta Jedzok<\/td>\n<\/tr>\n<tr>\n<td width=\"28\">34.<\/td>\n<td width=\"302\">mgr Tatiana Judycka<\/td>\n<\/tr>\n<tr>\n<td width=\"28\">35.<\/td>\n<td width=\"302\">mgr Micha\u0142 Jurkowski<\/td>\n<\/tr>\n<tr>\n<td width=\"28\">36.<\/td>\n<td width=\"302\">mgr Piotr Kasprzak<\/td>\n<\/tr>\n<tr>\n<td width=\"28\">37.<\/td>\n<td width=\"302\">mgr Krzysztof K\u0119dziora<\/td>\n<\/tr>\n<tr>\n<td width=\"28\">38.<\/td>\n<td width=\"302\">mgr Ryszard Kijak<\/td>\n<\/tr>\n<tr>\n<td width=\"28\">39.<\/td>\n<td width=\"302\">dr Karolina K\u0142osowska<\/td>\n<\/tr>\n<tr>\n<td width=\"28\">40.<\/td>\n<td width=\"302\">mgr Rafa\u0142 Kobylec<\/td>\n<\/tr>\n<tr>\n<td width=\"28\">41.<\/td>\n<td width=\"302\">mgr Dariusz Kocio\u0142ek<\/td>\n<\/tr>\n<tr>\n<td width=\"28\">42.<\/td>\n<td width=\"302\">dr hab.&nbsp; Piotr Ko\u0142odziej<\/td>\n<\/tr>\n<tr>\n<td width=\"28\">43.<\/td>\n<td width=\"302\">mgr Tomasz Kozicki<\/td>\n<\/tr>\n<tr>\n<td width=\"28\">44.<\/td>\n<td width=\"302\">mgr Anna Krzemi\u0144ska-Kaczy\u0144ska<\/td>\n<\/tr>\n<tr>\n<td width=\"28\">45.<\/td>\n<td width=\"302\">mgr Katarzyna Kudla<\/td>\n<\/tr>\n<tr>\n<td width=\"28\">46.<\/td>\n<td width=\"302\">mgr Gra\u017cyna Kurzeja<\/td>\n<\/tr>\n<tr>\n<td width=\"28\">47.<\/td>\n<td width=\"302\">mgr Krzysztof Licho\u0144<\/td>\n<\/tr>\n<tr>\n<td width=\"28\">48.<\/td>\n<td width=\"302\">dr Patrycja \u0141uszcz- \u015awidecka<\/td>\n<\/tr>\n<tr>\n<td width=\"28\">49.<\/td>\n<td width=\"302\">mgr Martyna Majsterek<\/td>\n<\/tr>\n<tr>\n<td width=\"28\">50.<\/td>\n<td width=\"302\">mgr Magdalena Marmuszewska\u2013 Bernasik<\/td>\n<\/tr>\n<tr>\n<td width=\"28\">51.<\/td>\n<td width=\"302\">John Patrick McCumiskey<\/td>\n<\/tr>\n<tr>\n<td width=\"28\">52.<\/td>\n<td width=\"302\">mgr Natalia Micyga\u0142a<\/td>\n<\/tr>\n<tr>\n<td width=\"28\">53.<\/td>\n<td width=\"302\">mgr Wojciech Micyga\u0142a<\/td>\n<\/tr>\n<tr>\n<td width=\"28\">54.<\/td>\n<td width=\"302\">dr Magdalena&nbsp; Mikowska<\/td>\n<\/tr>\n<tr>\n<td width=\"28\">55.<\/td>\n<td width=\"302\">mgr Angelika&nbsp; Miro\u0144<\/td>\n<\/tr>\n<tr>\n<td width=\"28\">56.<\/td>\n<td width=\"302\">mgr Ernest Miros\u0142aw<\/td>\n<\/tr>\n<tr>\n<td width=\"28\">57.<\/td>\n<td width=\"302\">mgr Joanna Mr\u00f3z<\/td>\n<\/tr>\n<tr>\n<td width=\"28\">58.<\/td>\n<td width=\"302\">mgr Micha\u0142&nbsp; Musielak<\/td>\n<\/tr>\n<tr>\n<td width=\"28\">59.<\/td>\n<td width=\"302\">Leandro Narvaez<\/td>\n<\/tr>\n<tr>\n<td width=\"28\">60.<\/td>\n<td width=\"302\">mgr Dorota&nbsp; Nieprzecka<\/td>\n<\/tr>\n<tr>\n<td width=\"28\">61.<\/td>\n<td width=\"302\">mgr Beata&nbsp; Nowakowska<\/td>\n<\/tr>\n<tr>\n<td width=\"28\">62.<\/td>\n<td width=\"302\">mgr Piotr Olejnik<\/td>\n<\/tr>\n<tr>\n<td width=\"28\">63.<\/td>\n<td width=\"302\">mgr Agata Osmenda<\/td>\n<\/tr>\n<tr>\n<td width=\"28\">64.<\/td>\n<td width=\"302\">mgr Paulina Palichleb<\/td>\n<\/tr>\n<tr>\n<td width=\"28\">65.<\/td>\n<td width=\"302\">mgr Agnieszka P\u0119dziwiatr<\/td>\n<\/tr>\n<tr>\n<td width=\"28\">66.<\/td>\n<td width=\"302\">mgr Violetta Philipps<\/td>\n<\/tr>\n<tr>\n<td width=\"28\">67.<\/td>\n<td width=\"302\">mgr Joanna Pillans<\/td>\n<\/tr>\n<tr>\n<td width=\"28\">68.<\/td>\n<td width=\"302\">mgr Agnieszka Piszczek-Marchewka<\/td>\n<\/tr>\n<tr>\n<td width=\"28\">69.<\/td>\n<td width=\"302\">dr Magdalena Piszczek<\/td>\n<\/tr>\n<tr>\n<td width=\"28\">70.<\/td>\n<td width=\"302\">dr Tomasz&nbsp; Rok<\/td>\n<\/tr>\n<tr>\n<td width=\"28\">71.<\/td>\n<td width=\"302\">mgr Alicja Rozp\u0119dzka<\/td>\n<\/tr>\n<tr>\n<td width=\"28\">72.<\/td>\n<td width=\"302\">dr Janusz Rybarski<\/td>\n<\/tr>\n<tr>\n<td width=\"28\">73.<\/td>\n<td width=\"302\">mgr Irina Sarga<\/td>\n<\/tr>\n<tr>\n<td width=\"28\">74.<\/td>\n<td width=\"302\">mgr&nbsp; Ma\u0142gorzata S\u0142obodeniuk<\/td>\n<\/tr>\n<tr>\n<td width=\"28\">75.<\/td>\n<td width=\"302\">dr hab. Pawe\u0142&nbsp; Sporek<\/td>\n<\/tr>\n<tr>\n<td width=\"28\">76.<\/td>\n<td width=\"302\">mgr Agata&nbsp; Starzak<\/td>\n<\/tr>\n<tr>\n<td width=\"28\">77.<\/td>\n<td width=\"302\">mgr Miros\u0142aw Starzak<\/td>\n<\/tr>\n<tr>\n<td width=\"28\">78.<\/td>\n<td width=\"302\">dr Joanna Szczawi\u0144ska<\/td>\n<\/tr>\n<tr>\n<td width=\"28\">79.<\/td>\n<td width=\"302\">mgr Bartosz Szczepanek<\/td>\n<\/tr>\n<tr>\n<td width=\"28\">80.<\/td>\n<td width=\"302\">mgr Joanna Szyde\u0142ko<\/td>\n<\/tr>\n<tr>\n<td width=\"28\">81.<\/td>\n<td width=\"302\">mgr Bogumi\u0142a \u015apiechowicz<\/td>\n<\/tr>\n<tr>\n<td width=\"28\">82.<\/td>\n<td width=\"302\">mgr Karolina \u015awider- Jo\u0144czy<\/td>\n<\/tr>\n<tr>\n<td width=\"28\">83.<\/td>\n<td width=\"302\">mgr Karolina Talar<\/td>\n<\/tr>\n<tr>\n<td width=\"28\">84.<\/td>\n<td width=\"302\">mgr Dorota Tomalska<\/td>\n<\/tr>\n<tr>\n<td width=\"28\">85.<\/td>\n<td width=\"302\">mgr Agata Twardowska<\/td>\n<\/tr>\n<tr>\n<td width=\"28\">86.<\/td>\n<td width=\"302\">dr Rados\u0142aw Uliszak<\/td>\n<\/tr>\n<tr>\n<td width=\"28\">87.<\/td>\n<td width=\"302\">mgr El\u017cbieta Wadowska<\/td>\n<\/tr>\n<tr>\n<td width=\"28\">88.<\/td>\n<td width=\"302\">mgr Kazimiera Walig\u00f3ra<\/td>\n<\/tr>\n<tr>\n<td width=\"28\">89.<\/td>\n<td width=\"302\">dr hab. Jerzy Walig\u00f3ra<\/td>\n<\/tr>\n<tr>\n<td width=\"28\">90.<\/td>\n<td width=\"302\">dr hab. Janusz Walig\u00f3ra<\/td>\n<\/tr>\n<tr>\n<td width=\"28\">91.<\/td>\n<td width=\"302\">mgr Tomasz Wawrzyniak<\/td>\n<\/tr>\n<tr>\n<td width=\"28\">92.<\/td>\n<td width=\"302\">mgr Alicja Wielg\u00f3rska<\/td>\n<\/tr>\n<tr>\n<td width=\"28\">93.<\/td>\n<td width=\"302\">mgr Marcin Wierzgacz<\/td>\n<\/tr>\n<tr>\n<td width=\"28\">94.<\/td>\n<td width=\"302\">mgr Patryk W\u0142asiuk<\/td>\n<\/tr>\n<tr>\n<td width=\"28\">95.<\/td>\n<td width=\"302\">mgr Leszek Wojciechowski<\/td>\n<\/tr>\n<tr>\n<td width=\"28\">96.<\/td>\n<td width=\"302\">dr Zofia Wojtusik<\/td>\n<\/tr>\n<tr>\n<td width=\"28\">97.<\/td>\n<td width=\"302\">mgr Marta Zachariasz-Janik<\/td>\n<\/tr>\n<tr>\n<td width=\"28\">98.<\/td>\n<td width=\"302\">mgr Wojciech Zalewski<\/td>\n<\/tr>\n<tr>\n<td width=\"28\">99.<\/td>\n<td width=\"302\">mgr Barbara Zaremba<\/td>\n<\/tr>\n<tr>\n<td width=\"28\">100.<\/td>\n<td width=\"302\">mgr \u0141ukasz Zych<\/td>\n<\/tr>\n<tr>\n<td width=\"28\">101.<\/td>\n<td width=\"302\">dr Antoni \u017bywczak<\/td>\n<\/tr>\n<\/tbody>\n<\/table>\t\t\t\t\t\t<\/div>\n\t\t\t\t<\/div>\n\t\t\t\t\t<\/div>\n\t\t<\/div>\n\t\t\t\t\t<\/div>\n\t\t<\/section>\n\t\t\t\t\t<\/div>\n\t\t<\/div>\n\t\t\t\t\t<\/div>\n\t\t<\/section>\n\t\t\t\t<\/div>\n\t\t","protected":false},"excerpt":{"rendered":"<p>VIII PALO staff in 2021\/22 &nbsp; No. Name 1. mgr Bart\u0142omiej Adler 2. mgr Sebastian Babi\u0144ski 3. mgr Rafael Balches Arenas 4. mgr Bo\u017cena Bara\u0144ska 5. mgr Wiktor Bardan 6. mgr Ma\u0142gorzata Berkowicz-Ma\u0142ek 7. mgr Ewa Bobulska 8. mgr Daria &hellip; <\/p>\n","protected":false},"author":3,"featured_media":0,"parent":12830,"menu_order":0,"comment_status":"closed","ping_status":"closed","template":"","meta":{"h5ap_radio_sources":[],"footnotes":""},"class_list":["post-12835","page","type-page","status-publish","hentry"],"_links":{"self":[{"href":"https:\/\/viiipalo.krakow.pl\/en\/wp-json\/wp\/v2\/pages\/12835","targetHints":{"allow":["GET"]}}],"collection":[{"href":"https:\/\/viiipalo.krakow.pl\/en\/wp-json\/wp\/v2\/pages"}],"about":[{"href":"https:\/\/viiipalo.krakow.pl\/en\/wp-json\/wp\/v2\/types\/page"}],"author":[{"embeddable":true,"href":"https:\/\/viiipalo.krakow.pl\/en\/wp-json\/wp\/v2\/users\/3"}],"replies":[{"embeddable":true,"href":"https:\/\/viiipalo.krakow.pl\/en\/wp-json\/wp\/v2\/comments?post=12835"}],"version-history":[{"count":12,"href":"https:\/\/viiipalo.krakow.pl\/en\/wp-json\/wp\/v2\/pages\/12835\/revisions"}],"predecessor-version":[{"id":13548,"href":"https:\/\/viiipalo.krakow.pl\/en\/wp-json\/wp\/v2\/pages\/12835\/revisions\/13548"}],"up":[{"embeddable":true,"href":"https:\/\/viiipalo.krakow.pl\/en\/wp-json\/wp\/v2\/pages\/12830"}],"wp:attachment":[{"href":"https:\/\/viiipalo.krakow.pl\/en\/wp-json\/wp\/v2\/media?parent=12835"}],"curies":[{"name":"wp","href":"https:\/\/api.w.org\/{rel}","templated":true}]}}