{"id":12817,"date":"2021-10-05T21:00:55","date_gmt":"2021-10-05T21:00:55","guid":{"rendered":"https:\/\/viiipalo.krakow.pl\/?page_id=12817"},"modified":"2021-10-05T21:01:13","modified_gmt":"2021-10-05T21:01:13","slug":"offer","status":"publish","type":"page","link":"https:\/\/viiipalo.krakow.pl\/en\/offer\/","title":{"rendered":"Offer"},"content":{"rendered":"\t\t<div data-elementor-type=\"wp-page\" data-elementor-id=\"12817\" class=\"elementor elementor-12817 elementor-8993\" data-elementor-settings=\"{&quot;ha_cmc_init_switcher&quot;:&quot;no&quot;}\">\n\t\t\t\t\t\t<section class=\"elementor-section elementor-top-section elementor-element elementor-element-026fbaa elementor-section-full_width elementor-section-stretched elementor-section-height-default elementor-section-height-default\" data-id=\"026fbaa\" data-element_type=\"section\" data-settings=\"{&quot;stretch_section&quot;:&quot;section-stretched&quot;,&quot;_ha_eqh_enable&quot;:false}\">\n\t\t\t\t\t\t<div class=\"elementor-container elementor-column-gap-default\">\n\t\t\t\t\t<div class=\"elementor-column elementor-col-100 elementor-top-column elementor-element elementor-element-17ce277\" data-id=\"17ce277\" data-element_type=\"column\">\n\t\t\t<div class=\"elementor-widget-wrap elementor-element-populated\">\n\t\t\t\t\t\t<section class=\"elementor-section elementor-inner-section elementor-element elementor-element-09d0c5f elementor-section-boxed elementor-section-height-default elementor-section-height-default\" data-id=\"09d0c5f\" data-element_type=\"section\" data-settings=\"{&quot;_ha_eqh_enable&quot;:false}\">\n\t\t\t\t\t\t<div class=\"elementor-container elementor-column-gap-default\">\n\t\t\t\t\t<div class=\"elementor-column elementor-col-100 elementor-inner-column elementor-element elementor-element-d491e02\" data-id=\"d491e02\" data-element_type=\"column\">\n\t\t\t<div class=\"elementor-widget-wrap elementor-element-populated\">\n\t\t\t\t\t\t<div class=\"elementor-element elementor-element-a8e4def ha-accordion--icon-right ha-has-bg-overlay elementor-widget elementor-widget-ha-accordion happy-addon ha-accordion happy-addon-pro\" data-id=\"a8e4def\" data-element_type=\"widget\" data-widget_type=\"ha-accordion.default\">\n\t\t\t\t<div class=\"elementor-widget-container\">\n\t\t\t        <div class=\"ha-accordion__wrapper\" role=\"tablist\">\n                            <div class=\"ha-accordion__item\">\n                    <div id=\"ha-accordion__item-title-1771\" class=\"ha-accordion__item-title\" data-tab=\"1\" role=\"tab\" aria-controls=\"ha-accordion__item-content-1771\">\n                                                    <span class=\"ha-accordion__item-icon ha-accordion__icon\" aria-hidden=\"true\">\n                                                                    <span class=\"ha-accordion__icon--closed\"><i class=\"fas fa-plus\"><\/i><\/span>\n                                                                                                    <span class=\"ha-accordion__icon--opened\"><i class=\"fas fa-minus\"><\/i><\/span>\n                                                            <\/span>\n                                                <div class=\"ha-accordion__item-title-inner\">\n                                                        <span class=\"ha-accordion__item-title-text\">J\u0119zyki obce<\/span>\n                        <\/div>\n                    <\/div>\n                    <div id=\"ha-accordion__item-content-1771\" class=\"ha-accordion__item-content\" data-tab=\"1\" role=\"tabpanel\" aria-labelledby=\"ha-accordion__item-title-1771\">\n                        <p>Poszerzony wymiar godzin j\u0119zyk\u00f3w obcych:<\/p>\n<p>j. angielski &#8211;\u00a06 godz. tyg.,<br \/>do wyboru: (3 godz. tyg.)<br \/>&#8211; j. niemiecki,<br \/>&#8211; j. hiszpa\u0144ski,<br \/>&#8211; j. francuski.<br \/>dla ch\u0119tnych mo\u017cliwo\u015b\u0107 zorganizowania nadobowi\u0105zkowych zaj\u0119\u0107 j\u0119zykowych (np. j. \u0142aci\u0144ski) lub uczestnictwo w zaj\u0119ciach w Szkole J\u0119zyk\u00f3w Obcych Lingualand (30% zni\u017cki).<\/p>\n<p>Przedmiotem obowi\u0105zkowym jest r\u00f3wnie\u017c filozofia.<\/p>\n<p>Realizacja zaj\u0119\u0107 w zakresie rozszerzonym obejmuje obowi\u0105zkowo angielski. Od klasy drugiej\/trzeciej uczniowie wybieraj\u0105 tak\u017ce inne przedmioty rozszerzone, kt\u00f3re realizowane s\u0105 w grupach.<\/p>\n<p>Szko\u0142a prowadzi r\u00f3wnie\u017c oddzia\u0142y mi\u0119dzynarodowe.<\/p>                    <\/div>\n                <\/div>\n                            <div class=\"ha-accordion__item\">\n                    <div id=\"ha-accordion__item-title-1772\" class=\"ha-accordion__item-title\" data-tab=\"2\" role=\"tab\" aria-controls=\"ha-accordion__item-content-1772\">\n                                                    <span class=\"ha-accordion__item-icon ha-accordion__icon\" aria-hidden=\"true\">\n                                                                    <span class=\"ha-accordion__icon--closed\"><i class=\"fas fa-plus\"><\/i><\/span>\n                                                                                                    <span class=\"ha-accordion__icon--opened\"><i class=\"fas fa-minus\"><\/i><\/span>\n                                                            <\/span>\n                                                <div class=\"ha-accordion__item-title-inner\">\n                                                        <span class=\"ha-accordion__item-title-text\">Zaj\u0119cia dodatkowe<\/span>\n                        <\/div>\n                    <\/div>\n                    <div id=\"ha-accordion__item-content-1772\" class=\"ha-accordion__item-content\" data-tab=\"2\" role=\"tabpanel\" aria-labelledby=\"ha-accordion__item-title-1772\">\n                        <p>Zaj\u0119cia pozalekcyjne i ko\u0142a zainteresowa\u0144: j\u0119zyk \u0142aci\u0144ski, pisanie na komputerze, Klub Europejski, k\u00f3\u0142ka przedmiotowe, rozbudowany system wolontariatu.<\/p>\n<p>Szko\u0142a na bie\u017c\u0105co organizuje r\u00f3\u017cne formy zaj\u0119\u0107 pozalekcyjnych w zale\u017cno\u015bci od potrzeb, zaj\u0119cia w laboratoriach UJ i AGH.<\/p>                    <\/div>\n                <\/div>\n                            <div class=\"ha-accordion__item\">\n                    <div id=\"ha-accordion__item-title-1773\" class=\"ha-accordion__item-title\" data-tab=\"3\" role=\"tab\" aria-controls=\"ha-accordion__item-content-1773\">\n                                                    <span class=\"ha-accordion__item-icon ha-accordion__icon\" aria-hidden=\"true\">\n                                                                    <span class=\"ha-accordion__icon--closed\"><i class=\"fas fa-plus\"><\/i><\/span>\n                                                                                                    <span class=\"ha-accordion__icon--opened\"><i class=\"fas fa-minus\"><\/i><\/span>\n                                                            <\/span>\n                                                <div class=\"ha-accordion__item-title-inner\">\n                                                        <span class=\"ha-accordion__item-title-text\">Stypendia<\/span>\n                        <\/div>\n                    <\/div>\n                    <div id=\"ha-accordion__item-content-1773\" class=\"ha-accordion__item-content\" data-tab=\"3\" role=\"tabpanel\" aria-labelledby=\"ha-accordion__item-title-1773\">\n                        <p>Szko\u0142a przyznaje stypendia za dobre wyniki w nauce (\u0142\u0105cznie z ca\u0142kowitym zwolnieniem z op\u0142at czesnego) oraz socjalne. <br \/>[<a href=\"https:\/\/viiipalo.krakow.pl\/stypendia\/\">szczeg\u00f3\u0142y przyznawanych stypendi\u00f3w<\/a>]<\/p>                    <\/div>\n                <\/div>\n                            <div class=\"ha-accordion__item\">\n                    <div id=\"ha-accordion__item-title-1774\" class=\"ha-accordion__item-title\" data-tab=\"4\" role=\"tab\" aria-controls=\"ha-accordion__item-content-1774\">\n                                                    <span class=\"ha-accordion__item-icon ha-accordion__icon\" aria-hidden=\"true\">\n                                                                    <span class=\"ha-accordion__icon--closed\"><i class=\"fas fa-plus\"><\/i><\/span>\n                                                                                                    <span class=\"ha-accordion__icon--opened\"><i class=\"fas fa-minus\"><\/i><\/span>\n                                                            <\/span>\n                                                <div class=\"ha-accordion__item-title-inner\">\n                                                        <span class=\"ha-accordion__item-title-text\">Udzia\u0142 w projektach<\/span>\n                        <\/div>\n                    <\/div>\n                    <div id=\"ha-accordion__item-content-1774\" class=\"ha-accordion__item-content\" data-tab=\"4\" role=\"tabpanel\" aria-labelledby=\"ha-accordion__item-title-1774\">\n                        <p>Szko\u0142a nale\u017cy do Krajowego Forum O\u015bwiaty Niepublicznej, uczestniczy w programach Unii Europejskiej Erasmus, wsp\u00f3\u0142pracuje z zagranic\u0105 (wymiana z Gymnasium Johanneum w Luneburgu w Niemczech, Delhi Public School w Indiach, Malpi International School w Nepalu, Gjovikskole w Norwegii, Pompano Beach High School w USA\u00a0), prowadzi rozbudowany wolontariat, wsp\u00f3\u0142pracuj\u0105c m.in. z Domami Dziecka, \u015bwietlicami \u015brodowiskowymi, a tak\u017ce z Poradniami Psychologicznymi.<\/p>                    <\/div>\n                <\/div>\n                            <div class=\"ha-accordion__item\">\n                    <div id=\"ha-accordion__item-title-1775\" class=\"ha-accordion__item-title\" data-tab=\"5\" role=\"tab\" aria-controls=\"ha-accordion__item-content-1775\">\n                                                    <span class=\"ha-accordion__item-icon ha-accordion__icon\" aria-hidden=\"true\">\n                                                                    <span class=\"ha-accordion__icon--closed\"><i class=\"fas fa-plus\"><\/i><\/span>\n                                                                                                    <span class=\"ha-accordion__icon--opened\"><i class=\"fas fa-minus\"><\/i><\/span>\n                                                            <\/span>\n                                                <div class=\"ha-accordion__item-title-inner\">\n                                                        <span class=\"ha-accordion__item-title-text\">Relacje z rodzicami<\/span>\n                        <\/div>\n                    <\/div>\n                    <div id=\"ha-accordion__item-content-1775\" class=\"ha-accordion__item-content\" data-tab=\"5\" role=\"tabpanel\" aria-labelledby=\"ha-accordion__item-title-1775\">\n                        <p>K\u0142adziemy du\u017cy nacisk na wsp\u00f3\u0142prac\u0119 z rodzicami w zakresie wychowania, a opieramy j\u0105 na sprawdzonym systemie kontakt\u00f3w z rodzicami, zr\u00f3\u017cnicowaniu form informowania o post\u0119pach uczni\u00f3w oraz otwarte podej\u015bcie do nowych rozwi\u0105za\u0144.<\/p>\n<p>Nasz program wychowawczy oparty jest na szacunku dla drugiego cz\u0142owieka. Realizowany jest min. przez otwarte i uczciwe relacje mi\u0119dzyludzkie oraz aktywn\u0105 dzia\u0142alno\u015b\u0107 wolontariack\u0105. Do\u015bwiadczeni wychowawcy we wsp\u00f3\u0142pracy z psychologiem szkolnym tworz\u0105 \u017cyczliw\u0105 i przyjazn\u0105 atmosfer\u0119.<\/p>                    <\/div>\n                <\/div>\n                            <div class=\"ha-accordion__item\">\n                    <div id=\"ha-accordion__item-title-1776\" class=\"ha-accordion__item-title\" data-tab=\"6\" role=\"tab\" aria-controls=\"ha-accordion__item-content-1776\">\n                                                    <span class=\"ha-accordion__item-icon ha-accordion__icon\" aria-hidden=\"true\">\n                                                                    <span class=\"ha-accordion__icon--closed\"><i class=\"fas fa-plus\"><\/i><\/span>\n                                                                                                    <span class=\"ha-accordion__icon--opened\"><i class=\"fas fa-minus\"><\/i><\/span>\n                                                            <\/span>\n                                                <div class=\"ha-accordion__item-title-inner\">\n                                                        <span class=\"ha-accordion__item-title-text\">Szko\u0142a oferuje<\/span>\n                        <\/div>\n                    <\/div>\n                    <div id=\"ha-accordion__item-content-1776\" class=\"ha-accordion__item-content\" data-tab=\"6\" role=\"tabpanel\" aria-labelledby=\"ha-accordion__item-title-1776\">\n                        <ul>\n<li>klasy do 20 os\u00f3b,<\/li>\n<li>opiek\u0119 medyczn\u0105,<\/li>\n<li>wsp\u00f3\u0142prac\u0119 ze szko\u0142ami z zagranicy,<\/li>\n<li>zr\u00f3\u017cnicowane formy zaj\u0119\u0107 wychowania fizycznego (si\u0142ownia, basen, sala gimnastyczna,, \u015bciana wspinaczkowa, taniec nowoczesny),<\/li>\n<li>wycieczki i obozy \u015br\u00f3droczne,<\/li>\n<li>bogaty program edukacji kulturalnej (wyj\u015bcia do teatr\u00f3w, filharmonii, kin, muze\u00f3w, szkolne inscenizacje i wernisa\u017ce).<\/li>\n<\/ul>                    <\/div>\n                <\/div>\n                            <div class=\"ha-accordion__item\">\n                    <div id=\"ha-accordion__item-title-1777\" class=\"ha-accordion__item-title\" data-tab=\"7\" role=\"tab\" aria-controls=\"ha-accordion__item-content-1777\">\n                                                    <span class=\"ha-accordion__item-icon ha-accordion__icon\" aria-hidden=\"true\">\n                                                                    <span class=\"ha-accordion__icon--closed\"><i class=\"fas fa-plus\"><\/i><\/span>\n                                                                                                    <span class=\"ha-accordion__icon--opened\"><i class=\"fas fa-minus\"><\/i><\/span>\n                                                            <\/span>\n                                                <div class=\"ha-accordion__item-title-inner\">\n                                                        <span class=\"ha-accordion__item-title-text\">Organizacja zaj\u0119\u0107 WF<\/span>\n                        <\/div>\n                    <\/div>\n                    <div id=\"ha-accordion__item-content-1777\" class=\"ha-accordion__item-content\" data-tab=\"7\" role=\"tabpanel\" aria-labelledby=\"ha-accordion__item-title-1777\">\n                        <p><!-- wp:spacer {\"height\":30} --><\/p>\n<p><!-- \/wp:paragraph --><!-- wp:spacer {\"height\":30} --><\/p>\n<p><!-- \/wp:paragraph --><!-- wp:spacer {\"height\":30} --><\/p>\n<p><!-- \/wp:heading --><!-- wp:spacer {\"height\":30} --><\/p>\n<p><!-- \/wp:spacer --><!-- wp:paragraph --><\/p>\n<p><!-- \/wp:paragraph --><!-- wp:spacer {\"height\":30} --><\/p>\n<p><!-- \/wp:spacer --><!-- wp:heading {\"align\":\"center\",\"level\":4} --><\/p>\n<p><!-- \/wp:heading --><!-- wp:spacer {\"height\":30} --><\/p>\n<p><!-- \/wp:spacer --><!-- wp:list --><\/p>\n<p><!-- \/wp:heading --><!-- wp:spacer {\"height\":30} --><\/p>\n<p><!-- \/wp:spacer --><!-- wp:paragraph --><\/p>\n<p>Szko\u0142a oferuje kilka form zaj\u0119\u0107 WF:<\/p>\n<p><!-- \/wp:paragraph --><!-- wp:list --><\/p>\n<ul>\n<li>basen<\/li>\n<li>sala gimnastyczna<\/li>\n<li>\u015bciana wspinaczkowa<\/li>\n<li>taniec nowoczesny<\/li>\n<li>si\u0142ownia<\/li>\n<\/ul>\n<p><!-- \/wp:list --><!-- wp:paragraph --><\/p>\n<p><!-- \/wp:paragraph --><!-- wp:paragraph --><\/p>\n<p><strong>Przejazd uczni\u00f3w ze szko\u0142y na\u00a0obiekty sportowe \u00a0oraz z basenu do szko\u0142y odbywa si\u0119 pod opiek\u0105 nauczyciela.<\/strong><!-- \/wp:paragraph --><\/p>                    <\/div>\n                <\/div>\n                    <\/div>\n        \t\t<\/div>\n\t\t\t\t<\/div>\n\t\t\t\t\t<\/div>\n\t\t<\/div>\n\t\t\t\t\t<\/div>\n\t\t<\/section>\n\t\t\t\t\t<\/div>\n\t\t<\/div>\n\t\t\t\t\t<\/div>\n\t\t<\/section>\n\t\t\t\t<\/div>\n\t\t","protected":false},"excerpt":{"rendered":"<p>J\u0119zyki obce Poszerzony wymiar godzin j\u0119zyk\u00f3w obcych: j. angielski &#8211;\u00a06 godz. tyg.,do wyboru: (3 godz. tyg.)&#8211; j. niemiecki,&#8211; j. hiszpa\u0144ski,&#8211; j. francuski.dla ch\u0119tnych mo\u017cliwo\u015b\u0107 zorganizowania nadobowi\u0105zkowych zaj\u0119\u0107 j\u0119zykowych (np. j. \u0142aci\u0144ski) lub uczestnictwo w zaj\u0119ciach w Szkole J\u0119zyk\u00f3w Obcych Lingualand &hellip; <\/p>\n","protected":false},"author":3,"featured_media":0,"parent":0,"menu_order":0,"comment_status":"closed","ping_status":"closed","template":"","meta":{"h5ap_radio_sources":[],"footnotes":""},"class_list":["post-12817","page","type-page","status-publish","hentry"],"_links":{"self":[{"href":"https:\/\/viiipalo.krakow.pl\/en\/wp-json\/wp\/v2\/pages\/12817","targetHints":{"allow":["GET"]}}],"collection":[{"href":"https:\/\/viiipalo.krakow.pl\/en\/wp-json\/wp\/v2\/pages"}],"about":[{"href":"https:\/\/viiipalo.krakow.pl\/en\/wp-json\/wp\/v2\/types\/page"}],"author":[{"embeddable":true,"href":"https:\/\/viiipalo.krakow.pl\/en\/wp-json\/wp\/v2\/users\/3"}],"replies":[{"embeddable":true,"href":"https:\/\/viiipalo.krakow.pl\/en\/wp-json\/wp\/v2\/comments?post=12817"}],"version-history":[{"count":3,"href":"https:\/\/viiipalo.krakow.pl\/en\/wp-json\/wp\/v2\/pages\/12817\/revisions"}],"predecessor-version":[{"id":12821,"href":"https:\/\/viiipalo.krakow.pl\/en\/wp-json\/wp\/v2\/pages\/12817\/revisions\/12821"}],"wp:attachment":[{"href":"https:\/\/viiipalo.krakow.pl\/en\/wp-json\/wp\/v2\/media?parent=12817"}],"curies":[{"name":"wp","href":"https:\/\/api.w.org\/{rel}","templated":true}]}}