{"id":12805,"date":"2021-10-05T20:52:05","date_gmt":"2021-10-05T20:52:05","guid":{"rendered":"https:\/\/viiipalo.krakow.pl\/?page_id=12805"},"modified":"2021-10-23T10:38:50","modified_gmt":"2021-10-23T10:38:50","slug":"publications","status":"publish","type":"page","link":"https:\/\/viiipalo.krakow.pl\/en\/publications\/","title":{"rendered":"Publications"},"content":{"rendered":"\t\t<div data-elementor-type=\"wp-page\" data-elementor-id=\"12805\" class=\"elementor elementor-12805 elementor-9977\" data-elementor-settings=\"{&quot;ha_cmc_init_switcher&quot;:&quot;no&quot;}\">\n\t\t\t\t\t\t<section class=\"elementor-section elementor-top-section elementor-element elementor-element-2ab3c74 elementor-section-boxed elementor-section-height-default elementor-section-height-default\" data-id=\"2ab3c74\" data-element_type=\"section\" data-settings=\"{&quot;_ha_eqh_enable&quot;:false}\">\n\t\t\t\t\t\t<div class=\"elementor-container elementor-column-gap-default\">\n\t\t\t\t\t<div class=\"elementor-column elementor-col-100 elementor-top-column elementor-element elementor-element-737186a\" data-id=\"737186a\" data-element_type=\"column\">\n\t\t\t<div class=\"elementor-widget-wrap elementor-element-populated\">\n\t\t\t\t\t\t<div class=\"elementor-element elementor-element-e1bcd9f elementor-widget elementor-widget-heading\" data-id=\"e1bcd9f\" data-element_type=\"widget\" data-widget_type=\"heading.default\">\n\t\t\t\t<div class=\"elementor-widget-container\">\n\t\t\t<h2 class=\"elementor-heading-title elementor-size-default\">The school closely cooperates with academics of Pedagogical University of Cracow and Jagiellonian University, the majority of whom work at our school. You can find some of their publications below.<\/h2>\t\t<\/div>\n\t\t\t\t<\/div>\n\t\t\t\t\t<\/div>\n\t\t<\/div>\n\t\t\t\t\t<\/div>\n\t\t<\/section>\n\t\t\t\t<section class=\"elementor-section elementor-top-section elementor-element elementor-element-82668ae elementor-section-full_width elementor-section-stretched elementor-section-height-default elementor-section-height-default\" data-id=\"82668ae\" data-element_type=\"section\" data-settings=\"{&quot;stretch_section&quot;:&quot;section-stretched&quot;,&quot;_ha_eqh_enable&quot;:false}\">\n\t\t\t\t\t\t<div class=\"elementor-container elementor-column-gap-default\">\n\t\t\t\t\t<div class=\"elementor-column elementor-col-100 elementor-top-column elementor-element elementor-element-651aad3\" data-id=\"651aad3\" data-element_type=\"column\">\n\t\t\t<div class=\"elementor-widget-wrap elementor-element-populated\">\n\t\t\t\t\t\t<section class=\"elementor-section elementor-inner-section elementor-element elementor-element-c8f1873 elementor-section-boxed elementor-section-height-default elementor-section-height-default\" data-id=\"c8f1873\" data-element_type=\"section\" data-settings=\"{&quot;_ha_eqh_enable&quot;:false}\">\n\t\t\t\t\t\t<div class=\"elementor-container elementor-column-gap-default\">\n\t\t\t\t\t<div class=\"elementor-column elementor-col-33 elementor-inner-column elementor-element elementor-element-5cabaf7\" data-id=\"5cabaf7\" data-element_type=\"column\">\n\t\t\t<div class=\"elementor-widget-wrap elementor-element-populated\">\n\t\t\t\t\t\t<div class=\"elementor-element elementor-element-1e045b1 elementor-widget elementor-widget-image\" data-id=\"1e045b1\" data-element_type=\"widget\" data-widget_type=\"image.default\">\n\t\t\t\t<div class=\"elementor-widget-container\">\n\t\t\t\t\t\t\t\t\t\t\t\t\t<img fetchpriority=\"high\" decoding=\"async\" width=\"694\" height=\"1000\" src=\"https:\/\/viiipalo.krakow.pl\/wp-content\/uploads\/2021\/02\/JW-1.png\" class=\"attachment-full size-full wp-image-12131\" alt=\"\" srcset=\"https:\/\/viiipalo.krakow.pl\/wp-content\/uploads\/2021\/02\/JW-1.png 694w, https:\/\/viiipalo.krakow.pl\/wp-content\/uploads\/2021\/02\/JW-1-208x300.png 208w, https:\/\/viiipalo.krakow.pl\/wp-content\/uploads\/2021\/02\/JW-1-533x768.png 533w\" sizes=\"(max-width: 694px) 100vw, 694px\" \/>\t\t\t\t\t\t\t\t\t\t\t\t\t<\/div>\n\t\t\t\t<\/div>\n\t\t\t\t<div class=\"elementor-element elementor-element-65a7324 elementor-widget elementor-widget-text-editor\" data-id=\"65a7324\" data-element_type=\"widget\" data-widget_type=\"text-editor.default\">\n\t\t\t\t<div class=\"elementor-widget-container\">\n\t\t\t\t\t\t\t<p><span style=\"color: #39385a;\"><span style=\"font-family: Poppins;\"><span style=\"font-size: medium;\">J<\/span><\/span><\/span><span style=\"color: #39385a;\"><span style=\"font-family: Poppins;\"><span style=\"font-size: medium;\">anusz Walig\u00f3ra,\u00a0<\/span><\/span><\/span><span style=\"color: #39385a;\"><span style=\"font-family: Poppins;\"><span style=\"font-size: medium;\"><i>How we made a school version of &#8216;Facts&#8217;. Practical media activites in final year of high school <\/i><\/span><\/span><\/span><span style=\"color: #39385a;\"><span style=\"font-family: Poppins;\"><span style=\"font-size: medium;\">in: <\/span><\/span><\/span><span style=\"color: #39385a;\"><span style=\"font-family: Poppins;\"><span style=\"font-size: medium;\"><i><em>Education and New Media<\/em><\/i><\/span><\/span><\/span><span style=\"color: #39385a;\"><span style=\"font-family: Poppins;\"><span style=\"font-size: medium;\">, <\/span><\/span><\/span><span style=\"color: #39385a;\"><span style=\"font-family: Poppins;\"><span style=\"font-size: medium;\">edited by<\/span><\/span><\/span><span style=\"color: #39385a;\"><span style=\"font-family: Poppins;\"><span style=\"font-size: medium;\"> Ma\u0142gorzata Latoch-Zieli\u0144ska, Iwona Morawska, Ma\u0142gorzata Potent-Ambroziewicz, Lublin 2015, <\/span><\/span><\/span><span style=\"color: #39385a;\"><span style=\"font-family: Poppins;\"><span style=\"font-size: medium;\">pp<\/span><\/span><\/span><span style=\"color: #39385a;\"><span style=\"font-family: Poppins;\"><span style=\"font-size: medium;\">. 235-247.\u00a0<\/span><\/span><\/span><\/p>\t\t\t\t\t\t<\/div>\n\t\t\t\t<\/div>\n\t\t\t\t\t<\/div>\n\t\t<\/div>\n\t\t\t\t<div class=\"elementor-column elementor-col-33 elementor-inner-column elementor-element elementor-element-5378085\" data-id=\"5378085\" data-element_type=\"column\">\n\t\t\t<div class=\"elementor-widget-wrap elementor-element-populated\">\n\t\t\t\t\t\t<div class=\"elementor-element elementor-element-466042e elementor-widget elementor-widget-image\" data-id=\"466042e\" data-element_type=\"widget\" data-widget_type=\"image.default\">\n\t\t\t\t<div class=\"elementor-widget-container\">\n\t\t\t\t\t\t\t\t\t\t\t\t\t<img decoding=\"async\" width=\"694\" height=\"1000\" src=\"https:\/\/viiipalo.krakow.pl\/wp-content\/uploads\/2021\/02\/okladka-4-1.png\" class=\"attachment-full size-full wp-image-12135\" alt=\"\" srcset=\"https:\/\/viiipalo.krakow.pl\/wp-content\/uploads\/2021\/02\/okladka-4-1.png 694w, https:\/\/viiipalo.krakow.pl\/wp-content\/uploads\/2021\/02\/okladka-4-1-208x300.png 208w, https:\/\/viiipalo.krakow.pl\/wp-content\/uploads\/2021\/02\/okladka-4-1-533x768.png 533w\" sizes=\"(max-width: 694px) 100vw, 694px\" \/>\t\t\t\t\t\t\t\t\t\t\t\t\t<\/div>\n\t\t\t\t<\/div>\n\t\t\t\t<div class=\"elementor-element elementor-element-209f7c6 elementor-widget elementor-widget-text-editor\" data-id=\"209f7c6\" data-element_type=\"widget\" data-widget_type=\"text-editor.default\">\n\t\t\t\t<div class=\"elementor-widget-container\">\n\t\t\t\t\t\t\t<p><span style=\"color: #39385a;\"><span style=\"font-family: Poppins;\"><span style=\"font-size: medium;\">Piotr Ko\u0142odziej, Janusz Walig\u00f3ra, Jerzy Walig\u00f3ra, <\/span><\/span><\/span><span style=\"color: #39385a;\"><span style=\"font-family: Poppins;\"><span style=\"font-size: medium;\"><i>The School Theatre of Interaction. From Idea to Play &#8211; <\/i>the <\/span><\/span><\/span><span style=\"color: #39385a;\"><span style=\"font-family: Poppins;\"><span style=\"font-size: medium;\">anthology of dramas written for and performed by students of PACK on various occasions and celebrations, <\/span><\/span><\/span><span style=\"color: #39385a;\"><span style=\"font-family: Poppins;\"><span style=\"font-size: medium;\">t<\/span><\/span><\/span><span style=\"color: #39385a;\"><span style=\"font-family: Poppins;\"><span style=\"font-size: medium;\">he book that includes methodological and theatrical commentary, <\/span><\/span><\/span><span style=\"color: #39385a;\"><span style=\"font-family: Poppins;\"><span style=\"font-size: medium;\">Cracow 2016<\/span><\/span><\/span><\/p>\t\t\t\t\t\t<\/div>\n\t\t\t\t<\/div>\n\t\t\t\t\t<\/div>\n\t\t<\/div>\n\t\t\t\t<div class=\"elementor-column elementor-col-33 elementor-inner-column elementor-element elementor-element-056042c\" data-id=\"056042c\" data-element_type=\"column\">\n\t\t\t<div class=\"elementor-widget-wrap elementor-element-populated\">\n\t\t\t\t\t\t<div class=\"elementor-element elementor-element-c160c3c elementor-widget elementor-widget-image\" data-id=\"c160c3c\" data-element_type=\"widget\" data-widget_type=\"image.default\">\n\t\t\t\t<div class=\"elementor-widget-container\">\n\t\t\t\t\t\t\t\t\t\t\t\t\t<img decoding=\"async\" width=\"700\" height=\"1000\" src=\"https:\/\/viiipalo.krakow.pl\/wp-content\/uploads\/2021\/02\/Edukacja-w-czasach-cyfrowej-zarazy-1.png\" class=\"attachment-full size-full wp-image-12140\" alt=\"\" srcset=\"https:\/\/viiipalo.krakow.pl\/wp-content\/uploads\/2021\/02\/Edukacja-w-czasach-cyfrowej-zarazy-1.png 700w, https:\/\/viiipalo.krakow.pl\/wp-content\/uploads\/2021\/02\/Edukacja-w-czasach-cyfrowej-zarazy-1-210x300.png 210w, https:\/\/viiipalo.krakow.pl\/wp-content\/uploads\/2021\/02\/Edukacja-w-czasach-cyfrowej-zarazy-1-538x768.png 538w\" sizes=\"(max-width: 700px) 100vw, 700px\" \/>\t\t\t\t\t\t\t\t\t\t\t\t\t<\/div>\n\t\t\t\t<\/div>\n\t\t\t\t<div class=\"elementor-element elementor-element-f20d946 elementor-widget elementor-widget-text-editor\" data-id=\"f20d946\" data-element_type=\"widget\" data-widget_type=\"text-editor.default\">\n\t\t\t\t<div class=\"elementor-widget-container\">\n\t\t\t\t\t\t\t<p><span style=\"color: #39385a;\"><span style=\"font-family: Poppins;\"><span style=\"font-size: large;\"><span style=\"font-size: medium;\">Pawe\u0142 Kasprzak, Zofia Agnieszka K\u0142ak\u00f3wna, Piotr Ko\u0142odziej, Adam Regiewicz, Janusz Walig\u00f3ra, <\/span><span style=\"font-size: medium;\"><i>Education During Digital Plague<\/i><\/span><span style=\"font-size: medium;\">, Toru\u0144 2016\u00a0<\/span><\/span><\/span><\/span><\/p>\t\t\t\t\t\t<\/div>\n\t\t\t\t<\/div>\n\t\t\t\t\t<\/div>\n\t\t<\/div>\n\t\t\t\t\t<\/div>\n\t\t<\/section>\n\t\t\t\t<section class=\"elementor-section elementor-inner-section elementor-element elementor-element-1ddc65b elementor-section-boxed elementor-section-height-default elementor-section-height-default\" data-id=\"1ddc65b\" data-element_type=\"section\" data-settings=\"{&quot;_ha_eqh_enable&quot;:false}\">\n\t\t\t\t\t\t<div class=\"elementor-container elementor-column-gap-default\">\n\t\t\t\t\t<div class=\"elementor-column elementor-col-33 elementor-inner-column elementor-element elementor-element-3f60afe\" data-id=\"3f60afe\" data-element_type=\"column\">\n\t\t\t<div class=\"elementor-widget-wrap elementor-element-populated\">\n\t\t\t\t\t\t<div class=\"elementor-element elementor-element-b9d3d73 elementor-widget elementor-widget-image\" data-id=\"b9d3d73\" data-element_type=\"widget\" data-widget_type=\"image.default\">\n\t\t\t\t<div class=\"elementor-widget-container\">\n\t\t\t\t\t\t\t\t\t\t\t\t\t<img loading=\"lazy\" decoding=\"async\" width=\"694\" height=\"1000\" src=\"https:\/\/viiipalo.krakow.pl\/wp-content\/uploads\/2021\/02\/okladka-3-1.png\" class=\"attachment-full size-full wp-image-12134\" alt=\"\" srcset=\"https:\/\/viiipalo.krakow.pl\/wp-content\/uploads\/2021\/02\/okladka-3-1.png 694w, https:\/\/viiipalo.krakow.pl\/wp-content\/uploads\/2021\/02\/okladka-3-1-208x300.png 208w, https:\/\/viiipalo.krakow.pl\/wp-content\/uploads\/2021\/02\/okladka-3-1-533x768.png 533w\" sizes=\"(max-width: 694px) 100vw, 694px\" \/>\t\t\t\t\t\t\t\t\t\t\t\t\t<\/div>\n\t\t\t\t<\/div>\n\t\t\t\t<div class=\"elementor-element elementor-element-bf96ae7 elementor-widget elementor-widget-text-editor\" data-id=\"bf96ae7\" data-element_type=\"widget\" data-widget_type=\"text-editor.default\">\n\t\t\t\t<div class=\"elementor-widget-container\">\n\t\t\t\t\t\t\t<p><span style=\"color: #39385a;\"><span style=\"font-family: Poppins;\"><span style=\"font-size: large;\"><i><span style=\"font-size: medium;\">The Modern Prose for the 20<\/span><sup><span style=\"font-size: medium;\">th<\/span><\/sup><span style=\"font-size: medium;\"> Anniversary of Academic High School no. <\/span><\/i><\/span><\/span><\/span><span style=\"color: #39385a;\"><span style=\"font-family: Poppins;\"><span style=\"font-size: large;\"><span style=\"font-size: medium;\"><i>8 &#8211; the anthology of students\u2019 literary works,<\/i><\/span><span style=\"font-size: medium;\"> edited by Bart\u0142omiej Adler, <\/span><span style=\"font-size: medium;\">Cracow 2013<\/span><\/span><\/span><\/span><\/p>\t\t\t\t\t\t<\/div>\n\t\t\t\t<\/div>\n\t\t\t\t\t<\/div>\n\t\t<\/div>\n\t\t\t\t<div class=\"elementor-column elementor-col-33 elementor-inner-column elementor-element elementor-element-1a828c9\" data-id=\"1a828c9\" data-element_type=\"column\">\n\t\t\t<div class=\"elementor-widget-wrap elementor-element-populated\">\n\t\t\t\t\t\t<div class=\"elementor-element elementor-element-0d9d97d elementor-widget elementor-widget-image\" data-id=\"0d9d97d\" data-element_type=\"widget\" data-widget_type=\"image.default\">\n\t\t\t\t<div class=\"elementor-widget-container\">\n\t\t\t\t\t\t\t\t\t\t\t\t\t<img loading=\"lazy\" decoding=\"async\" width=\"694\" height=\"1000\" src=\"https:\/\/viiipalo.krakow.pl\/wp-content\/uploads\/2021\/02\/okladka-5-1.png\" class=\"attachment-full size-full wp-image-12136\" alt=\"\" srcset=\"https:\/\/viiipalo.krakow.pl\/wp-content\/uploads\/2021\/02\/okladka-5-1.png 694w, https:\/\/viiipalo.krakow.pl\/wp-content\/uploads\/2021\/02\/okladka-5-1-208x300.png 208w, https:\/\/viiipalo.krakow.pl\/wp-content\/uploads\/2021\/02\/okladka-5-1-533x768.png 533w\" sizes=\"(max-width: 694px) 100vw, 694px\" \/>\t\t\t\t\t\t\t\t\t\t\t\t\t<\/div>\n\t\t\t\t<\/div>\n\t\t\t\t<div class=\"elementor-element elementor-element-74029cb elementor-widget elementor-widget-text-editor\" data-id=\"74029cb\" data-element_type=\"widget\" data-widget_type=\"text-editor.default\">\n\t\t\t\t<div class=\"elementor-widget-container\">\n\t\t\t\t\t\t\t<p><span style=\"color: #39385a;\"><span style=\"font-family: Poppins;\"><span style=\"font-size: medium;\">Piotr Ko\u0142odziej,\u00a0Twenty-five Faces of Girl with a Pearl Earring. How to Read Paintings in the <\/span><\/span><\/span><span style=\"color: #39385a;\"><span style=\"font-family: Poppins;\"><span style=\"font-size: medium;\"><em>Process of Cultural and Literary Education\u00a0<\/em><\/span><\/span><\/span><span style=\"color: #39385a;\"><span style=\"font-family: Poppins;\"><span style=\"font-size: medium;\">\u2013 <\/span><\/span><\/span><span style=\"color: #39385a;\"><span style=\"font-family: Poppins;\"><span style=\"font-size: medium;\">the author refers to his own teaching experience at VIII PALO, the book also contains the pictures taken by students that constitute evidence of various activities at school,<\/span><\/span><\/span> <span style=\"color: #39385a;\"><span style=\"font-family: Poppins;\"><span style=\"font-size: medium;\">Cracow<\/span><\/span><\/span><span style=\"color: #39385a;\"><span style=\"font-family: Poppins;\"><span style=\"font-size: medium;\"> 2018.\u00a0<\/span><\/span><\/span><\/p>\t\t\t\t\t\t<\/div>\n\t\t\t\t<\/div>\n\t\t\t\t\t<\/div>\n\t\t<\/div>\n\t\t\t\t<div class=\"elementor-column elementor-col-33 elementor-inner-column elementor-element elementor-element-d03ec75\" data-id=\"d03ec75\" data-element_type=\"column\">\n\t\t\t<div class=\"elementor-widget-wrap elementor-element-populated\">\n\t\t\t\t\t\t<div class=\"elementor-element elementor-element-9f83ba7 elementor-widget elementor-widget-image\" data-id=\"9f83ba7\" data-element_type=\"widget\" data-widget_type=\"image.default\">\n\t\t\t\t<div class=\"elementor-widget-container\">\n\t\t\t\t\t\t\t\t\t\t\t\t\t<img loading=\"lazy\" decoding=\"async\" width=\"686\" height=\"1000\" src=\"https:\/\/viiipalo.krakow.pl\/wp-content\/uploads\/2021\/02\/Przemilczane-PK-1.png\" class=\"attachment-full size-full wp-image-12139\" alt=\"\" srcset=\"https:\/\/viiipalo.krakow.pl\/wp-content\/uploads\/2021\/02\/Przemilczane-PK-1.png 686w, https:\/\/viiipalo.krakow.pl\/wp-content\/uploads\/2021\/02\/Przemilczane-PK-1-206x300.png 206w, https:\/\/viiipalo.krakow.pl\/wp-content\/uploads\/2021\/02\/Przemilczane-PK-1-527x768.png 527w\" sizes=\"(max-width: 686px) 100vw, 686px\" \/>\t\t\t\t\t\t\t\t\t\t\t\t\t<\/div>\n\t\t\t\t<\/div>\n\t\t\t\t<div class=\"elementor-element elementor-element-8083d99 elementor-widget elementor-widget-text-editor\" data-id=\"8083d99\" data-element_type=\"widget\" data-widget_type=\"text-editor.default\">\n\t\t\t\t<div class=\"elementor-widget-container\">\n\t\t\t\t\t\t\t<p><span style=\"color: #39385a;\"><span style=\"font-family: Poppins;\"><span style=\"font-size: large;\"><span style=\"font-size: medium;\">Piotr Ko\u0142odziej, <\/span><em><span style=\"font-size: medium;\">The <\/span><span style=\"font-size: medium;\">T<\/span><span style=\"font-size: medium;\">ruth of <\/span><span style=\"font-size: medium;\">T<\/span><span style=\"font-size: medium;\">imes and the <\/span><span style=\"font-size: medium;\">T<\/span><span style=\"font-size: medium;\">ruth of the <\/span><span style=\"font-size: medium;\">S<\/span><span style=\"font-size: medium;\">creen\u2026 or a Joyful<\/span><span style=\"font-size: medium;\">\u00a0<\/span><span style=\"font-size: medium;\">S<\/span><span style=\"font-size: medium;\">tory of a <\/span><span style=\"font-size: medium;\">S<\/span><span style=\"font-size: medium;\">ad <\/span><span style=\"font-size: medium;\">F<\/span><\/em><span style=\"font-size: medium;\"><em>ilm<\/em>, <\/span><span style=\"font-size: medium;\">in: <\/span><span style=\"font-size: medium;\"><i>Silent, Unspoken\u2026 On Relationships Between Words and Silence<\/i><\/span><span style=\"font-size: medium;\">, edited by G. R\u00f3\u017ca\u0144ska, <\/span><span style=\"font-size: medium;\">Instytut Wydawniczy \u201c\u015awiadectwo\u201d, Ustka \u2013 Bydgoszcz 2019, <\/span><span style=\"font-size: medium;\">pp<\/span><span style=\"font-size: medium;\">. 242-267.\u00a0<\/span><\/span><\/span><\/span><\/p>\t\t\t\t\t\t<\/div>\n\t\t\t\t<\/div>\n\t\t\t\t\t<\/div>\n\t\t<\/div>\n\t\t\t\t\t<\/div>\n\t\t<\/section>\n\t\t\t\t\t<\/div>\n\t\t<\/div>\n\t\t\t\t\t<\/div>\n\t\t<\/section>\n\t\t\t\t<section class=\"elementor-section elementor-top-section elementor-element elementor-element-8972a18 elementor-section-stretched elementor-section-boxed elementor-section-height-default elementor-section-height-default\" data-id=\"8972a18\" data-element_type=\"section\" data-settings=\"{&quot;stretch_section&quot;:&quot;section-stretched&quot;,&quot;background_background&quot;:&quot;classic&quot;,&quot;_ha_eqh_enable&quot;:false}\">\n\t\t\t\t\t\t<div class=\"elementor-container elementor-column-gap-default\">\n\t\t\t\t\t<div class=\"elementor-column elementor-col-100 elementor-top-column elementor-element elementor-element-e51beac\" data-id=\"e51beac\" data-element_type=\"column\">\n\t\t\t<div class=\"elementor-widget-wrap elementor-element-populated\">\n\t\t\t\t\t\t<div class=\"elementor-element elementor-element-ff5c1aa elementor-widget elementor-widget-text-editor\" data-id=\"ff5c1aa\" data-element_type=\"widget\" data-widget_type=\"text-editor.default\">\n\t\t\t\t<div class=\"elementor-widget-container\">\n\t\t\t\t\t\t\t<p>Other publications<\/p>\t\t\t\t\t\t<\/div>\n\t\t\t\t<\/div>\n\t\t\t\t<div class=\"elementor-element elementor-element-95dbd83 elementor-widget elementor-widget-text-editor\" data-id=\"95dbd83\" data-element_type=\"widget\" data-widget_type=\"text-editor.default\">\n\t\t\t\t<div class=\"elementor-widget-container\">\n\t\t\t\t\t\t\t<ul><li>Anna Krzemi\u0144ska-Kaczy\u0144ska, <em>Uczniowie z r\u00f3\u017cnych kultur w szkole<\/em>, \u201eHejna\u0142 O\u015bwiatowy\u201d 2016, nr 3.\u00a0<\/li><\/ul>\t\t\t\t\t\t<\/div>\n\t\t\t\t<\/div>\n\t\t\t\t<div class=\"elementor-element elementor-element-08fca95 elementor-widget elementor-widget-text-editor\" data-id=\"08fca95\" data-element_type=\"widget\" data-widget_type=\"text-editor.default\">\n\t\t\t\t<div class=\"elementor-widget-container\">\n\t\t\t\t\t\t\t<ul><li>Janusz Walig\u00f3ra, Wiersz wobec Zag\u0142ady. <em>O problematyzowaniu lektury (Chaskiel Tadeusza R\u00f3\u017cewicza i Ballady i romanse W\u0142adys\u0142awa Broniewskiego),<\/em> \u201ePolonistyka\u201d 2014, nr 7, s. 44-50.<\/li><\/ul>\t\t\t\t\t\t<\/div>\n\t\t\t\t<\/div>\n\t\t\t\t<div class=\"elementor-element elementor-element-ade783d elementor-widget elementor-widget-text-editor\" data-id=\"ade783d\" data-element_type=\"widget\" data-widget_type=\"text-editor.default\">\n\t\t\t\t<div class=\"elementor-widget-container\">\n\t\t\t\t\t\t\t<ul><li>Janusz Walig\u00f3ra, <em>Ani rytua\u0142, ani karnawa\u0142&#8230; O interpretacji tekstu literackiego w szkole (ponadgimnazjalnej): warunki &#8211; strategie &#8211; perspektywy<\/em>, Krak\u00f3w 2014<\/li><\/ul>\t\t\t\t\t\t<\/div>\n\t\t\t\t<\/div>\n\t\t\t\t<div class=\"elementor-element elementor-element-318827e elementor-widget elementor-widget-text-editor\" data-id=\"318827e\" data-element_type=\"widget\" data-widget_type=\"text-editor.default\">\n\t\t\t\t<div class=\"elementor-widget-container\">\n\t\t\t\t\t\t\t<ul><li>Piotr Ko\u0142odziej, <em>Pi\u0119ciolecie VIII Prywatnego Liceum Og\u00f3lnokszta\u0142c\u0105cego w Krakowie, <\/em>\u201eHejna\u0142 O\u015bwiatowy\u201d, Krak\u00f3w 1998,nr 3.<\/li><\/ul>\t\t\t\t\t\t<\/div>\n\t\t\t\t<\/div>\n\t\t\t\t<div class=\"elementor-element elementor-element-887d1e2 elementor-widget elementor-widget-text-editor\" data-id=\"887d1e2\" data-element_type=\"widget\" data-widget_type=\"text-editor.default\">\n\t\t\t\t<div class=\"elementor-widget-container\">\n\t\t\t\t\t\t\t<ul><li>Piotr Ko\u0142odziej,<em> Jak uczy\u0107 czytania literatury w liceum (na przyk\u0142adzie opowiada\u0144 Brunona Schulza)<\/em>, cz. III, \u201eNowa Polszczyzna\u201d 2001, nr 5, 23-34.<\/li><\/ul>\t\t\t\t\t\t<\/div>\n\t\t\t\t<\/div>\n\t\t\t\t<div class=\"elementor-element elementor-element-9f234c5 elementor-widget elementor-widget-text-editor\" data-id=\"9f234c5\" data-element_type=\"widget\" data-widget_type=\"text-editor.default\">\n\t\t\t\t<div class=\"elementor-widget-container\">\n\t\t\t\t\t\t\t<ul><li>Piotr Ko\u0142odziej, <em>Jak uczy\u0107 czytania literatury w liceum (na przyk\u0142adzie opowiada\u0144 Brunona Schulza)<\/em>, cz. I, \u201eNowa Polszczyzna\u201d 2001, nr 3, s. 3-14.<\/li><\/ul>\t\t\t\t\t\t<\/div>\n\t\t\t\t<\/div>\n\t\t\t\t<div class=\"elementor-element elementor-element-1c85211 elementor-widget elementor-widget-text-editor\" data-id=\"1c85211\" data-element_type=\"widget\" data-widget_type=\"text-editor.default\">\n\t\t\t\t<div class=\"elementor-widget-container\">\n\t\t\t\t\t\t\t<ul><li>Janusz Walig\u00f3ra, <em>Trzy gramy optymizmu. Rado\u015b\u0107 pisania Wis\u0142awy Szymborskiej w pierwszej licealnej<\/em>, \u201eNowa Polszczyzna\u201d 1997, nr 3.<\/li><\/ul>\t\t\t\t\t\t<\/div>\n\t\t\t\t<\/div>\n\t\t\t\t<div class=\"elementor-element elementor-element-1620732 elementor-widget elementor-widget-text-editor\" data-id=\"1620732\" data-element_type=\"widget\" data-widget_type=\"text-editor.default\">\n\t\t\t\t<div class=\"elementor-widget-container\">\n\t\t\t\t\t\t\t<ul><li>Patrycja Cyganek, Janusz Walig\u00f3ra, <em>Z uczniem w ksi\u0119garni. Rozmowy o starszych i m\u0142odszych nowo\u015bciach literackich,<\/em> \u201eNowa Polszczyzna\u201d 2007, nr 4, s. 3-10 rozmowa o poezji Wis\u0142awy Szymborskiej z uczennic\u0105 naszego liceum &#8211; Patrycj\u0105 Cyganek<\/li><\/ul>\t\t\t\t\t\t<\/div>\n\t\t\t\t<\/div>\n\t\t\t\t<div class=\"elementor-element elementor-element-032c899 elementor-widget elementor-widget-text-editor\" data-id=\"032c899\" data-element_type=\"widget\" data-widget_type=\"text-editor.default\">\n\t\t\t\t<div class=\"elementor-widget-container\">\n\t\t\t\t\t\t\t<ul><li>Piotr Ko\u0142odziej,<em> Jak uczy\u0107 czytania literatury w liceum (na przyk\u0142adzie opowiada\u0144 Brunona Schulza)<\/em>, cz. II, \u201eNowa Polszczyzna\u201d 2001, nr 4, s. 3-15.<\/li><\/ul>\t\t\t\t\t\t<\/div>\n\t\t\t\t<\/div>\n\t\t\t\t<div class=\"elementor-element elementor-element-d862ab4 elementor-widget elementor-widget-text-editor\" data-id=\"d862ab4\" data-element_type=\"widget\" data-widget_type=\"text-editor.default\">\n\t\t\t\t<div class=\"elementor-widget-container\">\n\t\t\t\t\t\t\t<ul><li>Piotr Ko\u0142odziej, <em>Raport z obl\u0119\u017conego \u015bwiata<\/em>, \u201ePolonistyka. Innowacje\u201d nr 12 (2020), s. 109-139, <a href=\"https:\/\/pressto.amu.edu.pl\/index.php\/pi\/article\/view\/26255\">[link]<\/a><\/li><\/ul>\t\t\t\t\t\t<\/div>\n\t\t\t\t<\/div>\n\t\t\t\t\t<\/div>\n\t\t<\/div>\n\t\t\t\t\t<\/div>\n\t\t<\/section>\n\t\t\t\t<\/div>\n\t\t","protected":false},"excerpt":{"rendered":"<p>The school closely cooperates with academics of Pedagogical University of Cracow and Jagiellonian University, the majority of whom work at our school. You can find some of their publications below. Janusz Walig\u00f3ra,\u00a0How we made a school version of &#8216;Facts&#8217;. Practical &hellip; <\/p>\n","protected":false},"author":3,"featured_media":0,"parent":0,"menu_order":0,"comment_status":"closed","ping_status":"closed","template":"","meta":{"h5ap_radio_sources":[],"footnotes":""},"class_list":["post-12805","page","type-page","status-publish","hentry"],"_links":{"self":[{"href":"https:\/\/viiipalo.krakow.pl\/en\/wp-json\/wp\/v2\/pages\/12805","targetHints":{"allow":["GET"]}}],"collection":[{"href":"https:\/\/viiipalo.krakow.pl\/en\/wp-json\/wp\/v2\/pages"}],"about":[{"href":"https:\/\/viiipalo.krakow.pl\/en\/wp-json\/wp\/v2\/types\/page"}],"author":[{"embeddable":true,"href":"https:\/\/viiipalo.krakow.pl\/en\/wp-json\/wp\/v2\/users\/3"}],"replies":[{"embeddable":true,"href":"https:\/\/viiipalo.krakow.pl\/en\/wp-json\/wp\/v2\/comments?post=12805"}],"version-history":[{"count":27,"href":"https:\/\/viiipalo.krakow.pl\/en\/wp-json\/wp\/v2\/pages\/12805\/revisions"}],"predecessor-version":[{"id":13528,"href":"https:\/\/viiipalo.krakow.pl\/en\/wp-json\/wp\/v2\/pages\/12805\/revisions\/13528"}],"wp:attachment":[{"href":"https:\/\/viiipalo.krakow.pl\/en\/wp-json\/wp\/v2\/media?parent=12805"}],"curies":[{"name":"wp","href":"https:\/\/api.w.org\/{rel}","templated":true}]}}