{"id":12237,"date":"2021-09-03T21:45:14","date_gmt":"2021-09-03T21:45:14","guid":{"rendered":"https:\/\/viiipalo.krakow.pl\/?page_id=12237"},"modified":"2021-10-29T20:41:31","modified_gmt":"2021-10-29T20:41:31","slug":"pre-ibdp","status":"publish","type":"page","link":"https:\/\/viiipalo.krakow.pl\/en\/ib-diploma-programme\/pre-ibdp\/","title":{"rendered":"Pre-IBDP"},"content":{"rendered":"\t\t<div data-elementor-type=\"wp-page\" data-elementor-id=\"12237\" class=\"elementor elementor-12237 elementor-308\" data-elementor-settings=\"{&quot;ha_cmc_init_switcher&quot;:&quot;no&quot;}\">\n\t\t\t\t\t\t<section class=\"elementor-section elementor-top-section elementor-element elementor-element-d258238 elementor-section-stretched elementor-section-boxed elementor-section-height-default elementor-section-height-default\" data-id=\"d258238\" data-element_type=\"section\" data-settings=\"{&quot;stretch_section&quot;:&quot;section-stretched&quot;,&quot;_ha_eqh_enable&quot;:false}\">\n\t\t\t\t\t\t<div class=\"elementor-container elementor-column-gap-default\">\n\t\t\t\t\t<div class=\"elementor-column elementor-col-100 elementor-top-column elementor-element elementor-element-8a3dae7\" data-id=\"8a3dae7\" data-element_type=\"column\">\n\t\t\t<div class=\"elementor-widget-wrap elementor-element-populated\">\n\t\t\t\t\t\t<div class=\"elementor-element elementor-element-b59b217 elementor-widget elementor-widget-heading\" data-id=\"b59b217\" data-element_type=\"widget\" data-widget_type=\"heading.default\">\n\t\t\t\t<div class=\"elementor-widget-container\">\n\t\t\t<h2 class=\"elementor-heading-title elementor-size-default\">Pre-IBDP information (class I and II of Polish secondary school)<\/h2>\t\t<\/div>\n\t\t\t\t<\/div>\n\t\t\t\t<div class=\"elementor-element elementor-element-b88d57b elementor-widget elementor-widget-text-editor\" data-id=\"b88d57b\" data-element_type=\"widget\" data-widget_type=\"text-editor.default\">\n\t\t\t\t<div class=\"elementor-widget-container\">\n\t\t\t\t\t\t\t<p>This is another year our school accepts candidates for IB Programme preparatory class (Pre-IB classes). The organization of Pre-IB classes is based on the structure of Polish secondary school. All the subjects (execpt Polish, History and Geography of Poland) are taught billingually at the beginning and later on in English. The system aims at preparing students for IB Diploma Programme where teaching and learning is conducted in English (expect for languages other than English). Students are also prepared to work using methods essential for IB Diploma Programme, they develop skills related to working with various sources, essay writing skills or working in laboratories. Classes are conducted by teachers who also teach in IB Programme. After graduation, the student has the possibility to join IB Diploma Programme (after a succesfully evaluated writing assignment) or continue their education in standard Polish secondary school. In addition, teachers provide reccomandations to aid in making the decision.<\/p>\t\t\t\t\t\t<\/div>\n\t\t\t\t<\/div>\n\t\t\t\t\t<\/div>\n\t\t<\/div>\n\t\t\t\t\t<\/div>\n\t\t<\/section>\n\t\t\t\t<section class=\"elementor-section elementor-top-section elementor-element elementor-element-f602d62 elementor-section-stretched elementor-section-boxed elementor-section-height-default elementor-section-height-default\" data-id=\"f602d62\" data-element_type=\"section\" data-settings=\"{&quot;stretch_section&quot;:&quot;section-stretched&quot;,&quot;background_background&quot;:&quot;classic&quot;,&quot;_ha_eqh_enable&quot;:false}\">\n\t\t\t\t\t\t<div class=\"elementor-container elementor-column-gap-default\">\n\t\t\t\t\t<div class=\"elementor-column elementor-col-100 elementor-top-column elementor-element elementor-element-b7c46da\" data-id=\"b7c46da\" data-element_type=\"column\">\n\t\t\t<div class=\"elementor-widget-wrap elementor-element-populated\">\n\t\t\t\t\t\t<div class=\"elementor-element elementor-element-5bc81a3 elementor-widget elementor-widget-heading\" data-id=\"5bc81a3\" data-element_type=\"widget\" data-widget_type=\"heading.default\">\n\t\t\t\t<div class=\"elementor-widget-container\">\n\t\t\t<h2 class=\"elementor-heading-title elementor-size-default\">Admissions<\/h2>\t\t<\/div>\n\t\t\t\t<\/div>\n\t\t\t\t<div class=\"elementor-element elementor-element-dee4786 elementor-widget elementor-widget-text-editor\" data-id=\"dee4786\" data-element_type=\"widget\" data-widget_type=\"text-editor.default\">\n\t\t\t\t<div class=\"elementor-widget-container\">\n\t\t\t\t\t\t\t<p>Admissions to Pre-IBDP classes are conducted on the basis of an interview with the IB Programme Coordinator or the Headmaster as well on exam in English. Decisions regarding admissions are made by the Headmaster who takes into account final marks from the previous year and, if available, mid-year marks from the current class as well as the result of the interview. The remaining principles overlap the ones stated for candidates applying to Polish secondary school:<\/p><p><blockquote class=\"wp-embedded-content\" data-secret=\"i83uMhwgwY\"><a href=\"https:\/\/viiipalo.krakow.pl\/en\/admission-procedure\/\">Rekrutacja<\/a><\/blockquote><iframe class=\"wp-embedded-content\" sandbox=\"allow-scripts\" security=\"restricted\" style=\"position: absolute; visibility: hidden;\" title=\"&#8220;Rekrutacja&#8221; &#8212; VIII Prywatne Akademickie Liceum Og\u00f3lnokszta\u0142c\u0105ce w Krakowie - Matura mi\u0119dzynarodowa\" src=\"https:\/\/viiipalo.krakow.pl\/en\/admission-procedure\/embed\/#?secret=ck5ypQMlyC#?secret=i83uMhwgwY\" data-secret=\"i83uMhwgwY\" width=\"600\" height=\"338\" frameborder=\"0\" marginwidth=\"0\" marginheight=\"0\" scrolling=\"no\"><\/iframe><\/p><p><strong>Contact info: tel. 12 633 96 57, e-mail:ib.viiipalo@gmail.com<\/strong><\/p>\t\t\t\t\t\t<\/div>\n\t\t\t\t<\/div>\n\t\t\t\t\t<\/div>\n\t\t<\/div>\n\t\t\t\t\t<\/div>\n\t\t<\/section>\n\t\t\t\t<\/div>\n\t\t","protected":false},"excerpt":{"rendered":"<p>Pre-IBDP information (class I and II of Polish secondary school) This is another year our school accepts candidates for IB Programme preparatory class (Pre-IB classes). The organization of Pre-IB classes is based on the structure of Polish secondary school. All &hellip; <\/p>\n","protected":false},"author":3,"featured_media":0,"parent":12822,"menu_order":0,"comment_status":"closed","ping_status":"closed","template":"","meta":{"h5ap_radio_sources":[],"footnotes":""},"class_list":["post-12237","page","type-page","status-publish","hentry"],"_links":{"self":[{"href":"https:\/\/viiipalo.krakow.pl\/en\/wp-json\/wp\/v2\/pages\/12237","targetHints":{"allow":["GET"]}}],"collection":[{"href":"https:\/\/viiipalo.krakow.pl\/en\/wp-json\/wp\/v2\/pages"}],"about":[{"href":"https:\/\/viiipalo.krakow.pl\/en\/wp-json\/wp\/v2\/types\/page"}],"author":[{"embeddable":true,"href":"https:\/\/viiipalo.krakow.pl\/en\/wp-json\/wp\/v2\/users\/3"}],"replies":[{"embeddable":true,"href":"https:\/\/viiipalo.krakow.pl\/en\/wp-json\/wp\/v2\/comments?post=12237"}],"version-history":[{"count":12,"href":"https:\/\/viiipalo.krakow.pl\/en\/wp-json\/wp\/v2\/pages\/12237\/revisions"}],"predecessor-version":[{"id":13760,"href":"https:\/\/viiipalo.krakow.pl\/en\/wp-json\/wp\/v2\/pages\/12237\/revisions\/13760"}],"up":[{"embeddable":true,"href":"https:\/\/viiipalo.krakow.pl\/en\/wp-json\/wp\/v2\/pages\/12822"}],"wp:attachment":[{"href":"https:\/\/viiipalo.krakow.pl\/en\/wp-json\/wp\/v2\/media?parent=12237"}],"curies":[{"name":"wp","href":"https:\/\/api.w.org\/{rel}","templated":true}]}}